{"id":1002,"date":"2022-04-01T08:00:15","date_gmt":"2022-04-01T01:00:15","guid":{"rendered":"https:\/\/cmbvn.com.vn\/?page_id=1002"},"modified":"2022-06-10T13:40:27","modified_gmt":"2022-06-10T06:40:27","slug":"bao-cao-thuong-nien","status":"publish","type":"page","link":"https:\/\/cmbvn.com.vn\/en\/quan-he-co-dong\/cong-bo-thong-tin\/bao-cao-thuong-nien","title":{"rendered":"Annual report"},"content":{"rendered":"<p class=\"title-page-dieule has-large-font-size\">Annual report<\/p>\n\n\n\n<div class=\"wp-block-columns is-layout-flex wp-container-core-columns-is-layout-9d6595d7 wp-block-columns-is-layout-flex\">\n<div class=\"wp-block-column is-layout-flow wp-block-column-is-layout-flow\" style=\"flex-basis:100%\">\n<div class=\"wp-block-columns is-layout-flex wp-container-core-columns-is-layout-9d6595d7 wp-block-columns-is-layout-flex\">\n<div class=\"wp-block-column mg-center list-dieule is-layout-flow wp-block-column-is-layout-flow\" style=\"flex-basis:80%\">\n<div class=\"wp-block-query is-layout-flow wp-block-query-is-layout-flow\"><ul class=\"wp-block-post-template is-layout-flow wp-block-post-template-is-layout-flow\"><li class=\"wp-block-post post-3638 post type-post status-publish format-standard hentry category-bao-cao-thuong-nien\">\n\n<div class=\"wp-block-columns dieule-item is-layout-flex wp-container-core-columns-is-layout-9d6595d7 wp-block-columns-is-layout-flex\">\n<div class=\"wp-block-column has-white-background-color has-background is-layout-flow wp-block-column-is-layout-flow\" style=\"flex-basis:130px\">\n<div class=\"wp-block-group date-dieule\"><div class=\"wp-block-group__inner-container is-layout-flow wp-block-group-is-layout-flow\"><div style=\"background-color:#005198; font-size:18px;\" class=\"has-text-align-center wp-block-post-date has-text-color has-white-color has-background\"><time datetime=\"2026-03-16T13:47:16+07:00\">03\/2026<\/time><\/div>\n\n<div style=\"color:#005198; font-size:40px;\" class=\"has-text-align-center date wp-block-post-date has-text-color\"><time datetime=\"2026-03-16T13:47:16+07:00\">16<\/time><\/div><\/div><\/div>\n<\/div>\n\n\n\n<div class=\"wp-block-column has-text-color is-layout-flow wp-block-column-is-layout-flow\" style=\"color:#005198;flex-basis:70%\"><h2 style=\"color:#2a07e3; font-size:18px;font-style:normal;font-weight:700;\" class=\"title-dieule wp-block-post-title has-text-color\"><a href=\"https:\/\/cmbvn.com.vn\/en\/quan-he-co-dong\/cong-bo-thong-tin\/bao-cao-thuong-nien\/bao-cao-thuong-nien-nam-2025.html\" target=\"_self\" >B\u00e1o c\u00e1o th\u01b0\u1eddng ni\u00ean C\u00f4ng ty CMB n\u0103m 2025<\/a><\/h2>\n\n<div class=\"wp-block-post-date has-small-font-size\"><time datetime=\"2026-03-16T13:47:16+07:00\">16\/03\/2026 &#8211; 13:47<\/time><\/div>\n\n<div style=\"font-size:14px;\" class=\"exp-dieule wp-block-post-excerpt has-text-color has-black-color\"><p class=\"wp-block-post-excerpt__excerpt\">B\u00e1o c\u00e1o th\u01b0\u1eddng ni\u00ean n\u0103m 2025<\/p><p class=\"wp-block-post-excerpt__more-text\"><a class=\"wp-block-post-excerpt__more-link\" href=\"https:\/\/cmbvn.com.vn\/en\/quan-he-co-dong\/cong-bo-thong-tin\/bao-cao-thuong-nien\/bao-cao-thuong-nien-nam-2025.html\"><strong>T\u1ea2I XU\u1ed0NG T\u00c0I LI\u1ec6U \u0110\u00cdNH K\u00c8M<\/strong><\/a><\/p><\/div><\/div>\n<\/div>\n\n<\/li><li class=\"wp-block-post post-3204 post type-post status-publish format-standard hentry category-bao-cao-thuong-nien\">\n\n<div class=\"wp-block-columns dieule-item is-layout-flex wp-container-core-columns-is-layout-9d6595d7 wp-block-columns-is-layout-flex\">\n<div class=\"wp-block-column has-white-background-color has-background is-layout-flow wp-block-column-is-layout-flow\" style=\"flex-basis:130px\">\n<div class=\"wp-block-group date-dieule\"><div class=\"wp-block-group__inner-container is-layout-flow wp-block-group-is-layout-flow\"><div style=\"background-color:#005198; font-size:18px;\" class=\"has-text-align-center wp-block-post-date has-text-color has-white-color has-background\"><time datetime=\"2025-03-04T11:26:47+07:00\">03\/2025<\/time><\/div>\n\n<div style=\"color:#005198; font-size:40px;\" class=\"has-text-align-center date wp-block-post-date has-text-color\"><time datetime=\"2025-03-04T11:26:47+07:00\">04<\/time><\/div><\/div><\/div>\n<\/div>\n\n\n\n<div class=\"wp-block-column has-text-color is-layout-flow wp-block-column-is-layout-flow\" style=\"color:#005198;flex-basis:70%\"><h2 style=\"color:#2a07e3; font-size:18px;font-style:normal;font-weight:700;\" class=\"title-dieule wp-block-post-title has-text-color\"><a href=\"https:\/\/cmbvn.com.vn\/en\/quan-he-co-dong\/cong-bo-thong-tin\/bao-cao-thuong-nien\/bao-cao-thuong-nien-cong-ty-cmb-nam-2024.html\" target=\"_self\" >B\u00e1o c\u00e1o th\u01b0\u1eddng ni\u00ean C\u00f4ng ty CMB n\u0103m 2024<\/a><\/h2>\n\n<div class=\"wp-block-post-date has-small-font-size\"><time datetime=\"2025-03-04T11:26:47+07:00\">04\/03\/2025 &#8211; 11:26<\/time><\/div>\n\n<div style=\"font-size:14px;\" class=\"exp-dieule wp-block-post-excerpt has-text-color has-black-color\"><p class=\"wp-block-post-excerpt__excerpt\">B\u00e1o c\u00e1o th\u01b0\u1eddng ni\u00ean n\u0103m 2024<\/p><p class=\"wp-block-post-excerpt__more-text\"><a class=\"wp-block-post-excerpt__more-link\" href=\"https:\/\/cmbvn.com.vn\/en\/quan-he-co-dong\/cong-bo-thong-tin\/bao-cao-thuong-nien\/bao-cao-thuong-nien-cong-ty-cmb-nam-2024.html\"><strong>T\u1ea2I XU\u1ed0NG T\u00c0I LI\u1ec6U \u0110\u00cdNH K\u00c8M<\/strong><\/a><\/p><\/div><\/div>\n<\/div>\n\n<\/li><li class=\"wp-block-post post-2942 post type-post status-publish format-standard hentry category-bao-cao-thuong-nien\">\n\n<div class=\"wp-block-columns dieule-item is-layout-flex wp-container-core-columns-is-layout-9d6595d7 wp-block-columns-is-layout-flex\">\n<div class=\"wp-block-column has-white-background-color has-background is-layout-flow wp-block-column-is-layout-flow\" style=\"flex-basis:130px\">\n<div class=\"wp-block-group date-dieule\"><div class=\"wp-block-group__inner-container is-layout-flow wp-block-group-is-layout-flow\"><div style=\"background-color:#005198; font-size:18px;\" class=\"has-text-align-center wp-block-post-date has-text-color has-white-color has-background\"><time datetime=\"2024-03-15T08:23:12+07:00\">03\/2024<\/time><\/div>\n\n<div style=\"color:#005198; font-size:40px;\" class=\"has-text-align-center date wp-block-post-date has-text-color\"><time datetime=\"2024-03-15T08:23:12+07:00\">15<\/time><\/div><\/div><\/div>\n<\/div>\n\n\n\n<div class=\"wp-block-column has-text-color is-layout-flow wp-block-column-is-layout-flow\" style=\"color:#005198;flex-basis:70%\"><h2 style=\"color:#2a07e3; font-size:18px;font-style:normal;font-weight:700;\" class=\"title-dieule wp-block-post-title has-text-color\"><a href=\"https:\/\/cmbvn.com.vn\/en\/quan-he-co-dong\/cong-bo-thong-tin\/bao-cao-thuong-nien\/bao-cao-thuong-nien-cong-ty-cmb-nam-2023.html\" target=\"_self\" >B\u00e1o c\u00e1o th\u01b0\u1eddng ni\u00ean C\u00f4ng ty CMB n\u0103m 2023<\/a><\/h2>\n\n<div class=\"wp-block-post-date has-small-font-size\"><time datetime=\"2024-03-15T08:23:12+07:00\">15\/03\/2024 &#8211; 08:23<\/time><\/div>\n\n<div style=\"font-size:14px;\" class=\"exp-dieule wp-block-post-excerpt has-text-color has-black-color\"><p class=\"wp-block-post-excerpt__excerpt\">B\u00e1o c\u00e1o th\u01b0\u1eddng ni\u00ean 2023<\/p><p class=\"wp-block-post-excerpt__more-text\"><a class=\"wp-block-post-excerpt__more-link\" href=\"https:\/\/cmbvn.com.vn\/en\/quan-he-co-dong\/cong-bo-thong-tin\/bao-cao-thuong-nien\/bao-cao-thuong-nien-cong-ty-cmb-nam-2023.html\"><strong>T\u1ea2I XU\u1ed0NG T\u00c0I LI\u1ec6U \u0110\u00cdNH K\u00c8M<\/strong><\/a><\/p><\/div><\/div>\n<\/div>\n\n<\/li><li class=\"wp-block-post post-2349 post type-post status-publish format-standard hentry category-bao-cao-thuong-nien\">\n\n<div class=\"wp-block-columns dieule-item is-layout-flex wp-container-core-columns-is-layout-9d6595d7 wp-block-columns-is-layout-flex\">\n<div class=\"wp-block-column has-white-background-color has-background is-layout-flow wp-block-column-is-layout-flow\" style=\"flex-basis:130px\">\n<div class=\"wp-block-group date-dieule\"><div class=\"wp-block-group__inner-container is-layout-flow wp-block-group-is-layout-flow\"><div style=\"background-color:#005198; font-size:18px;\" class=\"has-text-align-center wp-block-post-date has-text-color has-white-color has-background\"><time datetime=\"2023-03-13T09:34:00+07:00\">03\/2023<\/time><\/div>\n\n<div style=\"color:#005198; font-size:40px;\" class=\"has-text-align-center date wp-block-post-date has-text-color\"><time datetime=\"2023-03-13T09:34:00+07:00\">13<\/time><\/div><\/div><\/div>\n<\/div>\n\n\n\n<div class=\"wp-block-column has-text-color is-layout-flow wp-block-column-is-layout-flow\" style=\"color:#005198;flex-basis:70%\"><h2 style=\"color:#2a07e3; font-size:18px;font-style:normal;font-weight:700;\" class=\"title-dieule wp-block-post-title has-text-color\"><a href=\"https:\/\/cmbvn.com.vn\/en\/quan-he-co-dong\/cong-bo-thong-tin\/bao-cao-thuong-nien\/bao-cao-thuong-nien-cong-ty-cmb-nam-2022.html\" target=\"_self\" >B\u00e1o c\u00e1o th\u01b0\u1eddng ni\u00ean C\u00f4ng ty CMB n\u0103m 2022<\/a><\/h2>\n\n<div class=\"wp-block-post-date has-small-font-size\"><time datetime=\"2023-03-13T09:34:00+07:00\">13\/03\/2023 &#8211; 09:34<\/time><\/div>\n\n<div style=\"font-size:14px;\" class=\"exp-dieule wp-block-post-excerpt has-text-color has-black-color\"><p class=\"wp-block-post-excerpt__excerpt\">B\u00e1o c\u00e1o th\u01b0\u1eddng ni\u00ean 2022<\/p><p class=\"wp-block-post-excerpt__more-text\"><a class=\"wp-block-post-excerpt__more-link\" href=\"https:\/\/cmbvn.com.vn\/en\/quan-he-co-dong\/cong-bo-thong-tin\/bao-cao-thuong-nien\/bao-cao-thuong-nien-cong-ty-cmb-nam-2022.html\"><strong>T\u1ea2I XU\u1ed0NG T\u00c0I LI\u1ec6U \u0110\u00cdNH K\u00c8M<\/strong><\/a><\/p><\/div><\/div>\n<\/div>\n\n<\/li><li class=\"wp-block-post post-655 post type-post status-publish format-standard has-post-thumbnail hentry category-bao-cao-thuong-nien\">\n\n<div class=\"wp-block-columns dieule-item is-layout-flex wp-container-core-columns-is-layout-9d6595d7 wp-block-columns-is-layout-flex\">\n<div class=\"wp-block-column has-white-background-color has-background is-layout-flow wp-block-column-is-layout-flow\" style=\"flex-basis:130px\">\n<div class=\"wp-block-group date-dieule\"><div class=\"wp-block-group__inner-container is-layout-flow wp-block-group-is-layout-flow\"><div style=\"background-color:#005198; font-size:18px;\" class=\"has-text-align-center wp-block-post-date has-text-color has-white-color has-background\"><time datetime=\"2022-03-07T09:47:00+07:00\">03\/2022<\/time><\/div>\n\n<div style=\"color:#005198; font-size:40px;\" class=\"has-text-align-center date wp-block-post-date has-text-color\"><time datetime=\"2022-03-07T09:47:00+07:00\">07<\/time><\/div><\/div><\/div>\n<\/div>\n\n\n\n<div class=\"wp-block-column has-text-color is-layout-flow wp-block-column-is-layout-flow\" style=\"color:#005198;flex-basis:70%\"><h2 style=\"color:#2a07e3; font-size:18px;font-style:normal;font-weight:700;\" class=\"title-dieule wp-block-post-title has-text-color\"><a href=\"https:\/\/cmbvn.com.vn\/en\/quan-he-co-dong\/cong-bo-thong-tin\/bao-cao-thuong-nien\/bao-cao-thuong-nien-cong-ty-cmb-nam-2016.html\" target=\"_self\" >B\u00e1o c\u00e1o th\u01b0\u1eddng ni\u00ean C\u00f4ng ty CMB n\u0103m 2021<\/a><\/h2>\n\n<div class=\"wp-block-post-date has-small-font-size\"><time datetime=\"2022-03-07T09:47:00+07:00\">07\/03\/2022 &#8211; 09:47<\/time><\/div>\n\n<div style=\"font-size:14px;\" class=\"exp-dieule wp-block-post-excerpt has-text-color has-black-color\"><p class=\"wp-block-post-excerpt__excerpt\">B\u00e1o c\u00e1o th\u01b0\u1eddng ni\u00ean 2021<\/p><p class=\"wp-block-post-excerpt__more-text\"><a class=\"wp-block-post-excerpt__more-link\" href=\"https:\/\/cmbvn.com.vn\/en\/quan-he-co-dong\/cong-bo-thong-tin\/bao-cao-thuong-nien\/bao-cao-thuong-nien-cong-ty-cmb-nam-2016.html\"><strong>T\u1ea2I XU\u1ed0NG T\u00c0I LI\u1ec6U \u0110\u00cdNH K\u00c8M<\/strong><\/a><\/p><\/div><\/div>\n<\/div>\n\n<\/li><\/ul>\n\n<nav class=\"paginate-co-dong wp-block-query-pagination is-horizontal is-content-justification-center is-layout-flex wp-container-core-query-pagination-is-layout-769315fb wp-block-query-pagination-is-layout-flex\" aria-label=\"Pagination\">\n\n\n<div class=\"wp-block-query-pagination-numbers\"><span aria-current=\"page\" class=\"page-numbers current\">1<\/span>\n<a class=\"page-numbers\" href=\"?query-43-page=2\">2<\/a><\/div>\n\n<a href=\"\/en\/wp-json\/wp\/v2\/pages\/1002?query-43-page=2\" class=\"paginate-arrow wp-block-query-pagination-next\">Next Page<span class='wp-block-query-pagination-next-arrow is-arrow-chevron' aria-hidden='true'>\u00bb<\/span><\/a>\n<\/nav><\/div>\n<\/div>\n<\/div>\n<\/div>\n<\/div>","protected":false},"excerpt":{"rendered":"<p>Annual report<\/p>","protected":false},"author":2,"featured_media":0,"parent":990,"menu_order":0,"comment_status":"closed","ping_status":"closed","template":"","meta":{"footnotes":""},"class_list":["post-1002","page","type-page","status-publish","hentry"],"_links":{"self":[{"href":"https:\/\/cmbvn.com.vn\/en\/wp-json\/wp\/v2\/pages\/1002","targetHints":{"allow":["GET"]}}],"collection":[{"href":"https:\/\/cmbvn.com.vn\/en\/wp-json\/wp\/v2\/pages"}],"about":[{"href":"https:\/\/cmbvn.com.vn\/en\/wp-json\/wp\/v2\/types\/page"}],"author":[{"embeddable":true,"href":"https:\/\/cmbvn.com.vn\/en\/wp-json\/wp\/v2\/users\/2"}],"replies":[{"embeddable":true,"href":"https:\/\/cmbvn.com.vn\/en\/wp-json\/wp\/v2\/comments?post=1002"}],"version-history":[{"count":12,"href":"https:\/\/cmbvn.com.vn\/en\/wp-json\/wp\/v2\/pages\/1002\/revisions"}],"predecessor-version":[{"id":2043,"href":"https:\/\/cmbvn.com.vn\/en\/wp-json\/wp\/v2\/pages\/1002\/revisions\/2043"}],"up":[{"embeddable":true,"href":"https:\/\/cmbvn.com.vn\/en\/wp-json\/wp\/v2\/pages\/990"}],"wp:attachment":[{"href":"https:\/\/cmbvn.com.vn\/en\/wp-json\/wp\/v2\/media?parent=1002"}],"curies":[{"name":"wp","href":"https:\/\/api.w.org\/{rel}","templated":true}]}}