{"id":1012,"date":"2022-04-01T08:13:40","date_gmt":"2022-04-01T01:13:40","guid":{"rendered":"https:\/\/cmbvn.com.vn\/?page_id=1012"},"modified":"2022-06-10T13:39:55","modified_gmt":"2022-06-10T06:39:55","slug":"bao-cao-tai-chinh","status":"publish","type":"page","link":"https:\/\/cmbvn.com.vn\/en\/quan-he-co-dong\/cong-bo-thong-tin\/bao-cao-tai-chinh","title":{"rendered":"Financial report"},"content":{"rendered":"<p class=\"title-page-dieule has-large-font-size\">Financial report<\/p>\n\n\n\n<div class=\"wp-block-columns is-layout-flex wp-container-core-columns-is-layout-9d6595d7 wp-block-columns-is-layout-flex\">\n<div class=\"wp-block-column is-layout-flow wp-block-column-is-layout-flow\" style=\"flex-basis:100%\">\n<div class=\"wp-block-columns is-layout-flex wp-container-core-columns-is-layout-9d6595d7 wp-block-columns-is-layout-flex\">\n<div class=\"wp-block-column mg-center list-dieule is-layout-flow wp-block-column-is-layout-flow\" style=\"flex-basis:80%\">\n<div class=\"wp-block-query is-layout-flow wp-block-query-is-layout-flow\"><ul class=\"wp-block-post-template is-layout-flow wp-block-post-template-is-layout-flow\"><li class=\"wp-block-post post-3632 post type-post status-publish format-standard hentry category-bao-cao-tai-chinh\">\n\n<div class=\"wp-block-columns dieule-item is-layout-flex wp-container-core-columns-is-layout-9d6595d7 wp-block-columns-is-layout-flex\">\n<div class=\"wp-block-column has-white-background-color has-background is-layout-flow wp-block-column-is-layout-flow\" style=\"flex-basis:130px\">\n<div class=\"wp-block-group date-dieule\"><div class=\"wp-block-group__inner-container is-layout-flow wp-block-group-is-layout-flow\"><div style=\"background-color:#005198; font-size:18px;\" class=\"has-text-align-center wp-block-post-date has-text-color has-white-color has-background\"><time datetime=\"2026-03-16T08:47:51+07:00\">03\/2026<\/time><\/div>\n\n<div style=\"color:#005198; font-size:40px;\" class=\"has-text-align-center date wp-block-post-date has-text-color\"><time datetime=\"2026-03-16T08:47:51+07:00\">16<\/time><\/div><\/div><\/div>\n<\/div>\n\n\n\n<div class=\"wp-block-column has-text-color is-layout-flow wp-block-column-is-layout-flow\" style=\"color:#005198;flex-basis:70%\"><h2 style=\"color:#2a07e3; font-size:18px;font-style:normal;font-weight:700;\" class=\"title-dieule wp-block-post-title has-text-color\"><a href=\"https:\/\/cmbvn.com.vn\/en\/quan-he-co-dong\/cong-bo-thong-tin\/bao-cao-tai-chinh\/cong-bo-thong-tin-bao-cao-tai-chinh-cmb-nam-2025-da-duoc-kiem-toan.html\" target=\"_self\" >B\u00e1o c\u00e1o t\u00e0i ch\u00ednh C\u00f4ng ty CMB n\u0103m 2025 (\u0111\u00e3 \u0111\u01b0\u1ee3c ki\u1ec3m to\u00e1n)<\/a><\/h2>\n\n<div class=\"wp-block-post-date has-small-font-size\"><time datetime=\"2026-03-16T08:47:51+07:00\">16\/03\/2026 &#8211; 08:47<\/time><\/div>\n\n<div style=\"font-size:14px;\" class=\"exp-dieule wp-block-post-excerpt has-text-color has-black-color\"><p class=\"wp-block-post-excerpt__excerpt\">B\u00e1o c\u00e1o t\u00e0i ch\u00ednh n\u0103m 2025 (\u0111\u00e3 \u0111\u01b0\u1ee3c ki\u1ec3m to\u00e1n)<\/p><p class=\"wp-block-post-excerpt__more-text\"><a class=\"wp-block-post-excerpt__more-link\" href=\"https:\/\/cmbvn.com.vn\/en\/quan-he-co-dong\/cong-bo-thong-tin\/bao-cao-tai-chinh\/cong-bo-thong-tin-bao-cao-tai-chinh-cmb-nam-2025-da-duoc-kiem-toan.html\"><strong>T\u1ea2I XU\u1ed0NG T\u00c0I LI\u1ec6U \u0110\u00cdNH K\u00c8M<\/strong><\/a><\/p><\/div><\/div>\n<\/div>\n\n<\/li><li class=\"wp-block-post post-3201 post type-post status-publish format-standard hentry category-bao-cao-tai-chinh\">\n\n<div class=\"wp-block-columns dieule-item is-layout-flex wp-container-core-columns-is-layout-9d6595d7 wp-block-columns-is-layout-flex\">\n<div class=\"wp-block-column has-white-background-color has-background is-layout-flow wp-block-column-is-layout-flow\" style=\"flex-basis:130px\">\n<div class=\"wp-block-group date-dieule\"><div class=\"wp-block-group__inner-container is-layout-flow wp-block-group-is-layout-flow\"><div style=\"background-color:#005198; font-size:18px;\" class=\"has-text-align-center wp-block-post-date has-text-color has-white-color has-background\"><time datetime=\"2025-02-24T11:18:42+07:00\">02\/2025<\/time><\/div>\n\n<div style=\"color:#005198; font-size:40px;\" class=\"has-text-align-center date wp-block-post-date has-text-color\"><time datetime=\"2025-02-24T11:18:42+07:00\">24<\/time><\/div><\/div><\/div>\n<\/div>\n\n\n\n<div class=\"wp-block-column has-text-color is-layout-flow wp-block-column-is-layout-flow\" style=\"color:#005198;flex-basis:70%\"><h2 style=\"color:#2a07e3; font-size:18px;font-style:normal;font-weight:700;\" class=\"title-dieule wp-block-post-title has-text-color\"><a href=\"https:\/\/cmbvn.com.vn\/en\/quan-he-co-dong\/cong-bo-thong-tin\/bao-cao-tai-chinh\/bao-cao-tai-chinh-cong-ty-cmb-nam-2024-da-duoc-kiem-toan.html\" target=\"_self\" >B\u00e1o c\u00e1o t\u00e0i ch\u00ednh C\u00f4ng ty CMB n\u0103m 2024 (\u0111\u00e3 \u0111\u01b0\u1ee3c ki\u1ec3m to\u00e1n)<\/a><\/h2>\n\n<div class=\"wp-block-post-date has-small-font-size\"><time datetime=\"2025-02-24T11:18:42+07:00\">24\/02\/2025 &#8211; 11:18<\/time><\/div>\n\n<div style=\"font-size:14px;\" class=\"exp-dieule wp-block-post-excerpt has-text-color has-black-color\"><p class=\"wp-block-post-excerpt__excerpt\">C\u00f4ng b\u1ed1 th\u00f4ng tin B\u00e1o c\u00e1o t\u00e0i ch\u00ednh n\u0103m 2024 (\u0111\u00e3 \u0111\u01b0\u1ee3c ki\u1ec3m to\u00e1n)<\/p><p class=\"wp-block-post-excerpt__more-text\"><a class=\"wp-block-post-excerpt__more-link\" href=\"https:\/\/cmbvn.com.vn\/en\/quan-he-co-dong\/cong-bo-thong-tin\/bao-cao-tai-chinh\/bao-cao-tai-chinh-cong-ty-cmb-nam-2024-da-duoc-kiem-toan.html\"><strong>T\u1ea2I XU\u1ed0NG T\u00c0I LI\u1ec6U \u0110\u00cdNH K\u00c8M<\/strong><\/a><\/p><\/div><\/div>\n<\/div>\n\n<\/li><li class=\"wp-block-post post-2925 post type-post status-publish format-standard hentry category-bao-cao-tai-chinh\">\n\n<div class=\"wp-block-columns dieule-item is-layout-flex wp-container-core-columns-is-layout-9d6595d7 wp-block-columns-is-layout-flex\">\n<div class=\"wp-block-column has-white-background-color has-background is-layout-flow wp-block-column-is-layout-flow\" style=\"flex-basis:130px\">\n<div class=\"wp-block-group date-dieule\"><div class=\"wp-block-group__inner-container is-layout-flow wp-block-group-is-layout-flow\"><div style=\"background-color:#005198; font-size:18px;\" class=\"has-text-align-center wp-block-post-date has-text-color has-white-color has-background\"><time datetime=\"2024-03-07T09:40:16+07:00\">03\/2024<\/time><\/div>\n\n<div style=\"color:#005198; font-size:40px;\" class=\"has-text-align-center date wp-block-post-date has-text-color\"><time datetime=\"2024-03-07T09:40:16+07:00\">07<\/time><\/div><\/div><\/div>\n<\/div>\n\n\n\n<div class=\"wp-block-column has-text-color is-layout-flow wp-block-column-is-layout-flow\" style=\"color:#005198;flex-basis:70%\"><h2 style=\"color:#2a07e3; font-size:18px;font-style:normal;font-weight:700;\" class=\"title-dieule wp-block-post-title has-text-color\"><a href=\"https:\/\/cmbvn.com.vn\/en\/quan-he-co-dong\/cong-bo-thong-tin\/bao-cao-tai-chinh\/cong-bo-thong-tin-bao-cao-tai-chinh-nam-2023-da-duoc-kiem-toan.html\" target=\"_self\" >B\u00e1o c\u00e1o t\u00e0i ch\u00ednh C\u00f4ng ty CMB n\u0103m 2023 (\u0111\u00e3 \u0111\u01b0\u1ee3c ki\u1ec3m to\u00e1n)<\/a><\/h2>\n\n<div class=\"wp-block-post-date has-small-font-size\"><time datetime=\"2024-03-07T09:40:16+07:00\">07\/03\/2024 &#8211; 09:40<\/time><\/div>\n\n<div style=\"font-size:14px;\" class=\"exp-dieule wp-block-post-excerpt has-text-color has-black-color\"><p class=\"wp-block-post-excerpt__excerpt\">C\u00f4ng b\u1ed1 th\u00f4ng tin B\u00e1o c\u00e1o t\u00e0i ch\u00ednh n\u0103m 2023 (\u0111\u00e3 \u0111\u01b0\u1ee3c ki\u1ec3m to\u00e1n)<\/p><p class=\"wp-block-post-excerpt__more-text\"><a class=\"wp-block-post-excerpt__more-link\" href=\"https:\/\/cmbvn.com.vn\/en\/quan-he-co-dong\/cong-bo-thong-tin\/bao-cao-tai-chinh\/cong-bo-thong-tin-bao-cao-tai-chinh-nam-2023-da-duoc-kiem-toan.html\"><strong>T\u1ea2I XU\u1ed0NG T\u00c0I LI\u1ec6U \u0110\u00cdNH K\u00c8M<\/strong><\/a><\/p><\/div><\/div>\n<\/div>\n\n<\/li><li class=\"wp-block-post post-2319 post type-post status-publish format-standard hentry category-bao-cao-tai-chinh\">\n\n<div class=\"wp-block-columns dieule-item is-layout-flex wp-container-core-columns-is-layout-9d6595d7 wp-block-columns-is-layout-flex\">\n<div class=\"wp-block-column has-white-background-color has-background is-layout-flow wp-block-column-is-layout-flow\" style=\"flex-basis:130px\">\n<div class=\"wp-block-group date-dieule\"><div class=\"wp-block-group__inner-container is-layout-flow wp-block-group-is-layout-flow\"><div style=\"background-color:#005198; font-size:18px;\" class=\"has-text-align-center wp-block-post-date has-text-color has-white-color has-background\"><time datetime=\"2023-02-27T11:20:20+07:00\">02\/2023<\/time><\/div>\n\n<div style=\"color:#005198; font-size:40px;\" class=\"has-text-align-center date wp-block-post-date has-text-color\"><time datetime=\"2023-02-27T11:20:20+07:00\">27<\/time><\/div><\/div><\/div>\n<\/div>\n\n\n\n<div class=\"wp-block-column has-text-color is-layout-flow wp-block-column-is-layout-flow\" style=\"color:#005198;flex-basis:70%\"><h2 style=\"color:#2a07e3; font-size:18px;font-style:normal;font-weight:700;\" class=\"title-dieule wp-block-post-title has-text-color\"><a href=\"https:\/\/cmbvn.com.vn\/en\/quan-he-co-dong\/cong-bo-thong-tin\/bao-cao-tai-chinh\/bao-cao-tai-chinh-cong-ty-cmb-nam-2022.html\" target=\"_self\" >B\u00e1o c\u00e1o t\u00e0i ch\u00ednh C\u00f4ng ty CMB n\u0103m 2022<\/a><\/h2>\n\n<div class=\"wp-block-post-date has-small-font-size\"><time datetime=\"2023-02-27T11:20:20+07:00\">27\/02\/2023 &#8211; 11:20<\/time><\/div>\n\n<div style=\"font-size:14px;\" class=\"exp-dieule wp-block-post-excerpt has-text-color has-black-color\"><p class=\"wp-block-post-excerpt__excerpt\">B\u00e1o c\u00e1o t\u00e0i ch\u00ednh n\u0103m 2022<\/p><p class=\"wp-block-post-excerpt__more-text\"><a class=\"wp-block-post-excerpt__more-link\" href=\"https:\/\/cmbvn.com.vn\/en\/quan-he-co-dong\/cong-bo-thong-tin\/bao-cao-tai-chinh\/bao-cao-tai-chinh-cong-ty-cmb-nam-2022.html\"><strong>T\u1ea2I XU\u1ed0NG T\u00c0I LI\u1ec6U \u0110\u00cdNH K\u00c8M<\/strong><\/a><\/p><\/div><\/div>\n<\/div>\n\n<\/li><li class=\"wp-block-post post-671 post type-post status-publish format-standard has-post-thumbnail hentry category-bao-cao-tai-chinh\">\n\n<div class=\"wp-block-columns dieule-item is-layout-flex wp-container-core-columns-is-layout-9d6595d7 wp-block-columns-is-layout-flex\">\n<div class=\"wp-block-column has-white-background-color has-background is-layout-flow wp-block-column-is-layout-flow\" style=\"flex-basis:130px\">\n<div class=\"wp-block-group date-dieule\"><div class=\"wp-block-group__inner-container is-layout-flow wp-block-group-is-layout-flow\"><div style=\"background-color:#005198; font-size:18px;\" class=\"has-text-align-center wp-block-post-date has-text-color has-white-color has-background\"><time datetime=\"2022-03-02T11:36:00+07:00\">03\/2022<\/time><\/div>\n\n<div style=\"color:#005198; font-size:40px;\" class=\"has-text-align-center date wp-block-post-date has-text-color\"><time datetime=\"2022-03-02T11:36:00+07:00\">02<\/time><\/div><\/div><\/div>\n<\/div>\n\n\n\n<div class=\"wp-block-column has-text-color is-layout-flow wp-block-column-is-layout-flow\" style=\"color:#005198;flex-basis:70%\"><h2 style=\"color:#2a07e3; font-size:18px;font-style:normal;font-weight:700;\" class=\"title-dieule wp-block-post-title has-text-color\"><a href=\"https:\/\/cmbvn.com.vn\/en\/quan-he-co-dong\/cong-bo-thong-tin\/bao-cao-tai-chinh\/bao-cao-tai-chinh-cong-ty-cmb-nam-2021.html\" target=\"_self\" >B\u00e1o c\u00e1o t\u00e0i ch\u00ednh C\u00f4ng ty CMB n\u0103m 2021<\/a><\/h2>\n\n<div class=\"wp-block-post-date has-small-font-size\"><time datetime=\"2022-03-02T11:36:00+07:00\">02\/03\/2022 &#8211; 11:36<\/time><\/div>\n\n<div style=\"font-size:14px;\" class=\"exp-dieule wp-block-post-excerpt has-text-color has-black-color\"><p class=\"wp-block-post-excerpt__excerpt\">B\u00e1o c\u00e1o t\u00e0i ch\u00ednh n\u0103m 2021<\/p><p class=\"wp-block-post-excerpt__more-text\"><a class=\"wp-block-post-excerpt__more-link\" href=\"https:\/\/cmbvn.com.vn\/en\/quan-he-co-dong\/cong-bo-thong-tin\/bao-cao-tai-chinh\/bao-cao-tai-chinh-cong-ty-cmb-nam-2021.html\"><strong>T\u1ea2I XU\u1ed0NG T\u00c0I LI\u1ec6U \u0110\u00cdNH K\u00c8M<\/strong><\/a><\/p><\/div><\/div>\n<\/div>\n\n<\/li><\/ul>\n\n<nav class=\"wp-block-query-pagination is-layout-flex wp-block-query-pagination-is-layout-flex\" aria-label=\"Pagination\">\n\n\n<div class=\"wp-block-query-pagination-numbers\"><span aria-current=\"page\" class=\"page-numbers current\">1<\/span>\n<a class=\"page-numbers\" href=\"?query-43-page=2\">2<\/a><\/div>\n\n<a href=\"\/en\/wp-json\/wp\/v2\/pages\/1012?query-43-page=2\" class=\"wp-block-query-pagination-next\">Next Page<\/a>\n<\/nav><\/div>\n<\/div>\n<\/div>\n<\/div>\n<\/div>","protected":false},"excerpt":{"rendered":"<p>Financial report<\/p>","protected":false},"author":2,"featured_media":0,"parent":990,"menu_order":0,"comment_status":"closed","ping_status":"closed","template":"","meta":{"footnotes":""},"class_list":["post-1012","page","type-page","status-publish","hentry"],"_links":{"self":[{"href":"https:\/\/cmbvn.com.vn\/en\/wp-json\/wp\/v2\/pages\/1012","targetHints":{"allow":["GET"]}}],"collection":[{"href":"https:\/\/cmbvn.com.vn\/en\/wp-json\/wp\/v2\/pages"}],"about":[{"href":"https:\/\/cmbvn.com.vn\/en\/wp-json\/wp\/v2\/types\/page"}],"author":[{"embeddable":true,"href":"https:\/\/cmbvn.com.vn\/en\/wp-json\/wp\/v2\/users\/2"}],"replies":[{"embeddable":true,"href":"https:\/\/cmbvn.com.vn\/en\/wp-json\/wp\/v2\/comments?post=1012"}],"version-history":[{"count":6,"href":"https:\/\/cmbvn.com.vn\/en\/wp-json\/wp\/v2\/pages\/1012\/revisions"}],"predecessor-version":[{"id":2042,"href":"https:\/\/cmbvn.com.vn\/en\/wp-json\/wp\/v2\/pages\/1012\/revisions\/2042"}],"up":[{"embeddable":true,"href":"https:\/\/cmbvn.com.vn\/en\/wp-json\/wp\/v2\/pages\/990"}],"wp:attachment":[{"href":"https:\/\/cmbvn.com.vn\/en\/wp-json\/wp\/v2\/media?parent=1012"}],"curies":[{"name":"wp","href":"https:\/\/api.w.org\/{rel}","templated":true}]}}