{"id":1015,"date":"2022-04-01T08:14:56","date_gmt":"2022-04-01T01:14:56","guid":{"rendered":"https:\/\/cmbvn.com.vn\/?page_id=1015"},"modified":"2022-06-10T13:40:55","modified_gmt":"2022-06-10T06:40:55","slug":"bao-cao-tinh-hinh-hoat-dong-cong-ty","status":"publish","type":"page","link":"https:\/\/cmbvn.com.vn\/en\/quan-he-co-dong\/cong-bo-thong-tin\/bao-cao-tinh-hinh-hoat-dong-cong-ty","title":{"rendered":"Report on Corporate Governance"},"content":{"rendered":"<p class=\"title-page-dieule has-large-font-size\">Report on Corporate Governance<\/p>\n\n\n\n<div class=\"wp-block-columns is-layout-flex wp-container-core-columns-is-layout-9d6595d7 wp-block-columns-is-layout-flex\">\n<div class=\"wp-block-column is-layout-flow wp-block-column-is-layout-flow\" style=\"flex-basis:100%\">\n<div class=\"wp-block-columns is-layout-flex wp-container-core-columns-is-layout-9d6595d7 wp-block-columns-is-layout-flex\">\n<div class=\"wp-block-column mg-center list-dieule is-layout-flow wp-block-column-is-layout-flow\" style=\"flex-basis:80%\">\n<div class=\"wp-block-query is-layout-flow wp-block-query-is-layout-flow\"><ul class=\"wp-block-post-template is-layout-flow wp-block-post-template-is-layout-flow\"><li class=\"wp-block-post post-3556 post type-post status-publish format-standard hentry category-bao-cao-tinh-hinh-quan-tri-cong-ty\">\n\n<div class=\"wp-block-columns dieule-item is-layout-flex wp-container-core-columns-is-layout-9d6595d7 wp-block-columns-is-layout-flex\">\n<div class=\"wp-block-column has-white-background-color has-background is-layout-flow wp-block-column-is-layout-flow\" style=\"flex-basis:130px\">\n<div class=\"wp-block-group date-dieule\"><div class=\"wp-block-group__inner-container is-layout-flow wp-block-group-is-layout-flow\"><div style=\"background-color:#005198; font-size:18px;\" class=\"has-text-align-center wp-block-post-date has-text-color has-white-color has-background\"><time datetime=\"2026-01-23T15:00:51+07:00\">01\/2026<\/time><\/div>\n\n<div style=\"color:#005198; font-size:40px;\" class=\"has-text-align-center date wp-block-post-date has-text-color\"><time datetime=\"2026-01-23T15:00:51+07:00\">23<\/time><\/div><\/div><\/div>\n<\/div>\n\n\n\n<div class=\"wp-block-column has-text-color is-layout-flow wp-block-column-is-layout-flow\" style=\"color:#005198;flex-basis:70%\"><h2 style=\"color:#2a07e3; font-size:18px;font-style:normal;font-weight:700;\" class=\"title-dieule wp-block-post-title has-text-color\"><a href=\"https:\/\/cmbvn.com.vn\/en\/quan-he-co-dong\/cong-bo-thong-tin\/bao-cao-tinh-hinh-quan-tri-cong-ty\/cong-bo-thong-tin-bao-cao-tinh-hinh-quan-tri-cong-ty-nam-2025.html\" target=\"_self\" >C\u00d4NG B\u1ed0 TH\u00d4NG TIN B\u00c1O C\u00c1O T\u00ccNH H\u00ccNH QU\u1ea2N TR\u1eca C\u00d4NG TY N\u0102M 2025<\/a><\/h2>\n\n<div class=\"wp-block-post-date has-small-font-size\"><time datetime=\"2026-01-23T15:00:51+07:00\">23\/01\/2026 &#8211; 15:00<\/time><\/div>\n\n<div style=\"font-size:14px;\" class=\"exp-dieule wp-block-post-excerpt has-text-color has-black-color\"><p class=\"wp-block-post-excerpt__excerpt\">B\u00e1o c\u00e1o t\u00ecnh h\u00ecnh qu\u1ea3n tr\u1ecb C\u00f4ng ty 2025<\/p><p class=\"wp-block-post-excerpt__more-text\"><a class=\"wp-block-post-excerpt__more-link\" href=\"https:\/\/cmbvn.com.vn\/en\/quan-he-co-dong\/cong-bo-thong-tin\/bao-cao-tinh-hinh-quan-tri-cong-ty\/cong-bo-thong-tin-bao-cao-tinh-hinh-quan-tri-cong-ty-nam-2025.html\"><strong>T\u1ea2I XU\u1ed0NG T\u00c0I LI\u1ec6U \u0110\u00cdNH K\u00c8M<\/strong><\/a><\/p><\/div><\/div>\n<\/div>\n\n<\/li><li class=\"wp-block-post post-3355 post type-post status-publish format-standard hentry category-bao-cao-tinh-hinh-quan-tri-cong-ty\">\n\n<div class=\"wp-block-columns dieule-item is-layout-flex wp-container-core-columns-is-layout-9d6595d7 wp-block-columns-is-layout-flex\">\n<div class=\"wp-block-column has-white-background-color has-background is-layout-flow wp-block-column-is-layout-flow\" style=\"flex-basis:130px\">\n<div class=\"wp-block-group date-dieule\"><div class=\"wp-block-group__inner-container is-layout-flow wp-block-group-is-layout-flow\"><div style=\"background-color:#005198; font-size:18px;\" class=\"has-text-align-center wp-block-post-date has-text-color has-white-color has-background\"><time datetime=\"2025-07-18T09:29:00+07:00\">07\/2025<\/time><\/div>\n\n<div style=\"color:#005198; font-size:40px;\" class=\"has-text-align-center date wp-block-post-date has-text-color\"><time datetime=\"2025-07-18T09:29:00+07:00\">18<\/time><\/div><\/div><\/div>\n<\/div>\n\n\n\n<div class=\"wp-block-column has-text-color is-layout-flow wp-block-column-is-layout-flow\" style=\"color:#005198;flex-basis:70%\"><h2 style=\"color:#2a07e3; font-size:18px;font-style:normal;font-weight:700;\" class=\"title-dieule wp-block-post-title has-text-color\"><a href=\"https:\/\/cmbvn.com.vn\/en\/quan-he-co-dong\/cong-bo-thong-tin\/bao-cao-tinh-hinh-quan-tri-cong-ty\/bao-cao-tinh-hinh-quan-tri-cong-ty-6-thang-nam-2025.html\" target=\"_self\" >B\u00c1O C\u00c1O T\u00ccNH H\u00ccNH QU\u1ea2N TR\u1eca C\u00d4NG TY 6 TH\u00c1NG N\u0102M 2025<\/a><\/h2>\n\n<div class=\"wp-block-post-date has-small-font-size\"><time datetime=\"2025-07-18T09:29:00+07:00\">18\/07\/2025 &#8211; 09:29<\/time><\/div>\n\n<div style=\"font-size:14px;\" class=\"exp-dieule wp-block-post-excerpt has-text-color has-black-color\"><p class=\"wp-block-post-excerpt__excerpt\">B\u00e1o c\u00e1o t\u00ecnh h\u00ecnh qu\u1ea3n tr\u1ecb c\u00f4ng ty 6 th\u00e1ng n\u0103m 2025<\/p><p class=\"wp-block-post-excerpt__more-text\"><a class=\"wp-block-post-excerpt__more-link\" href=\"https:\/\/cmbvn.com.vn\/en\/quan-he-co-dong\/cong-bo-thong-tin\/bao-cao-tinh-hinh-quan-tri-cong-ty\/bao-cao-tinh-hinh-quan-tri-cong-ty-6-thang-nam-2025.html\"><strong>T\u1ea2I XU\u1ed0NG T\u00c0I LI\u1ec6U \u0110\u00cdNH K\u00c8M<\/strong><\/a><\/p><\/div><\/div>\n<\/div>\n\n<\/li><li class=\"wp-block-post post-3186 post type-post status-publish format-standard hentry category-bao-cao-tinh-hinh-quan-tri-cong-ty category-quan-he-co-dong\">\n\n<div class=\"wp-block-columns dieule-item is-layout-flex wp-container-core-columns-is-layout-9d6595d7 wp-block-columns-is-layout-flex\">\n<div class=\"wp-block-column has-white-background-color has-background is-layout-flow wp-block-column-is-layout-flow\" style=\"flex-basis:130px\">\n<div class=\"wp-block-group date-dieule\"><div class=\"wp-block-group__inner-container is-layout-flow wp-block-group-is-layout-flow\"><div style=\"background-color:#005198; font-size:18px;\" class=\"has-text-align-center wp-block-post-date has-text-color has-white-color has-background\"><time datetime=\"2025-01-22T15:57:25+07:00\">01\/2025<\/time><\/div>\n\n<div style=\"color:#005198; font-size:40px;\" class=\"has-text-align-center date wp-block-post-date has-text-color\"><time datetime=\"2025-01-22T15:57:25+07:00\">22<\/time><\/div><\/div><\/div>\n<\/div>\n\n\n\n<div class=\"wp-block-column has-text-color is-layout-flow wp-block-column-is-layout-flow\" style=\"color:#005198;flex-basis:70%\"><h2 style=\"color:#2a07e3; font-size:18px;font-style:normal;font-weight:700;\" class=\"title-dieule wp-block-post-title has-text-color\"><a href=\"https:\/\/cmbvn.com.vn\/en\/quan-he-co-dong\/cong-bo-thong-tin\/bao-cao-tinh-hinh-quan-tri-cong-ty\/ban-cung-cap-thong-tin-ve-quan-tri-cong-ty-ky-bao-cao-nam-2024.html\" target=\"_self\" >B\u1ea2N CUNG C\u1ea4P TH\u00d4NG TIN V\u1ec0 QU\u1ea2N TR\u1eca C\u00d4NG TY &#8211; K\u1ef2 B\u00c1O C\u00c1O: N\u0102M 2024<\/a><\/h2>\n\n<div class=\"wp-block-post-date has-small-font-size\"><time datetime=\"2025-01-22T15:57:25+07:00\">22\/01\/2025 &#8211; 15:57<\/time><\/div>\n\n<div style=\"font-size:14px;\" class=\"exp-dieule wp-block-post-excerpt has-text-color has-black-color\"><p class=\"wp-block-post-excerpt__excerpt\">B\u1ea3n cung c\u1ea5p th\u00f4ng tin v\u1ec1 qu\u1ea3n tr\u1ecb c\u00f4ng ty &#8211; k\u1ef3 b\u00e1o c\u00e1o : n\u0103m 2024<\/p><p class=\"wp-block-post-excerpt__more-text\"><a class=\"wp-block-post-excerpt__more-link\" href=\"https:\/\/cmbvn.com.vn\/en\/quan-he-co-dong\/cong-bo-thong-tin\/bao-cao-tinh-hinh-quan-tri-cong-ty\/ban-cung-cap-thong-tin-ve-quan-tri-cong-ty-ky-bao-cao-nam-2024.html\"><strong>T\u1ea2I XU\u1ed0NG T\u00c0I LI\u1ec6U \u0110\u00cdNH K\u00c8M<\/strong><\/a><\/p><\/div><\/div>\n<\/div>\n\n<\/li><li class=\"wp-block-post post-3183 post type-post status-publish format-standard hentry category-bao-cao-tinh-hinh-quan-tri-cong-ty category-quan-he-co-dong\">\n\n<div class=\"wp-block-columns dieule-item is-layout-flex wp-container-core-columns-is-layout-9d6595d7 wp-block-columns-is-layout-flex\">\n<div class=\"wp-block-column has-white-background-color has-background is-layout-flow wp-block-column-is-layout-flow\" style=\"flex-basis:130px\">\n<div class=\"wp-block-group date-dieule\"><div class=\"wp-block-group__inner-container is-layout-flow wp-block-group-is-layout-flow\"><div style=\"background-color:#005198; font-size:18px;\" class=\"has-text-align-center wp-block-post-date has-text-color has-white-color has-background\"><time datetime=\"2025-01-22T15:55:12+07:00\">01\/2025<\/time><\/div>\n\n<div style=\"color:#005198; font-size:40px;\" class=\"has-text-align-center date wp-block-post-date has-text-color\"><time datetime=\"2025-01-22T15:55:12+07:00\">22<\/time><\/div><\/div><\/div>\n<\/div>\n\n\n\n<div class=\"wp-block-column has-text-color is-layout-flow wp-block-column-is-layout-flow\" style=\"color:#005198;flex-basis:70%\"><h2 style=\"color:#2a07e3; font-size:18px;font-style:normal;font-weight:700;\" class=\"title-dieule wp-block-post-title has-text-color\"><a href=\"https:\/\/cmbvn.com.vn\/en\/quan-he-co-dong\/cong-bo-thong-tin\/bao-cao-tinh-hinh-quan-tri-cong-ty\/cong-bo-thong-tin-bao-cao-tinh-hinh-quan-tri-cong-ty-nam-2024.html\" target=\"_self\" >C\u00d4NG B\u1ed0 TH\u00d4NG TIN B\u00c1O C\u00c1O T\u00ccNH H\u00ccNH QU\u1ea2N TR\u1eca C\u00d4NG TY N\u0102M 2024<\/a><\/h2>\n\n<div class=\"wp-block-post-date has-small-font-size\"><time datetime=\"2025-01-22T15:55:12+07:00\">22\/01\/2025 &#8211; 15:55<\/time><\/div>\n\n<div style=\"font-size:14px;\" class=\"exp-dieule wp-block-post-excerpt has-text-color has-black-color\"><p class=\"wp-block-post-excerpt__excerpt\">C\u00f4ng b\u1ed1 th\u00f4ng tin b\u00e1o c\u00e1o t\u00ecnh h\u00ecnh qu\u1ea3n tr\u1ecb c\u00f4ng ty n\u0103m 2024<\/p><p class=\"wp-block-post-excerpt__more-text\"><a class=\"wp-block-post-excerpt__more-link\" href=\"https:\/\/cmbvn.com.vn\/en\/quan-he-co-dong\/cong-bo-thong-tin\/bao-cao-tinh-hinh-quan-tri-cong-ty\/cong-bo-thong-tin-bao-cao-tinh-hinh-quan-tri-cong-ty-nam-2024.html\"><strong>T\u1ea2I XU\u1ed0NG T\u00c0I LI\u1ec6U \u0110\u00cdNH K\u00c8M<\/strong><\/a><\/p><\/div><\/div>\n<\/div>\n\n<\/li><li class=\"wp-block-post post-3041 post type-post status-publish format-standard hentry category-bao-cao-tinh-hinh-quan-tri-cong-ty\">\n\n<div class=\"wp-block-columns dieule-item is-layout-flex wp-container-core-columns-is-layout-9d6595d7 wp-block-columns-is-layout-flex\">\n<div class=\"wp-block-column has-white-background-color has-background is-layout-flow wp-block-column-is-layout-flow\" style=\"flex-basis:130px\">\n<div class=\"wp-block-group date-dieule\"><div class=\"wp-block-group__inner-container is-layout-flow wp-block-group-is-layout-flow\"><div style=\"background-color:#005198; font-size:18px;\" class=\"has-text-align-center wp-block-post-date has-text-color has-white-color has-background\"><time datetime=\"2024-07-25T08:52:47+07:00\">07\/2024<\/time><\/div>\n\n<div style=\"color:#005198; font-size:40px;\" class=\"has-text-align-center date wp-block-post-date has-text-color\"><time datetime=\"2024-07-25T08:52:47+07:00\">25<\/time><\/div><\/div><\/div>\n<\/div>\n\n\n\n<div class=\"wp-block-column has-text-color is-layout-flow wp-block-column-is-layout-flow\" style=\"color:#005198;flex-basis:70%\"><h2 style=\"color:#2a07e3; font-size:18px;font-style:normal;font-weight:700;\" class=\"title-dieule wp-block-post-title has-text-color\"><a href=\"https:\/\/cmbvn.com.vn\/en\/quan-he-co-dong\/cong-bo-thong-tin\/bao-cao-tinh-hinh-quan-tri-cong-ty\/cong-bo-thong-tin-bao-cao-tinh-hinh-quan-tri-cong-ty-6-thang-dau-nam-2024.html\" target=\"_self\" >C\u00d4NG B\u1ed0 TH\u00d4NG TIN B\u00c1O C\u00c1O T\u00ccNH H\u00ccNH QU\u1ea2N TR\u1eca C\u00d4NG TY 6 TH\u00c1NG \u0110\u1ea6U N\u0102M 2024<\/a><\/h2>\n\n<div class=\"wp-block-post-date has-small-font-size\"><time datetime=\"2024-07-25T08:52:47+07:00\">25\/07\/2024 &#8211; 08:52<\/time><\/div>\n\n<div style=\"font-size:14px;\" class=\"exp-dieule wp-block-post-excerpt has-text-color has-black-color\"><p class=\"wp-block-post-excerpt__excerpt\">C\u00f4ng b\u1ed1 th\u00f4ng tin b\u00e1o c\u00e1o t\u00ecnh h\u00ecnh qu\u1ea3n tr\u1ecb C\u00f4ng ty 6 th\u00e1ng \u0111\u1ea7u n\u0103m 2024<\/p><p class=\"wp-block-post-excerpt__more-text\"><a class=\"wp-block-post-excerpt__more-link\" href=\"https:\/\/cmbvn.com.vn\/en\/quan-he-co-dong\/cong-bo-thong-tin\/bao-cao-tinh-hinh-quan-tri-cong-ty\/cong-bo-thong-tin-bao-cao-tinh-hinh-quan-tri-cong-ty-6-thang-dau-nam-2024.html\"><strong>T\u1ea2I XU\u1ed0NG T\u00c0I LI\u1ec6U \u0110\u00cdNH K\u00c8M<\/strong><\/a><\/p><\/div><\/div>\n<\/div>\n\n<\/li><\/ul>\n\n<nav class=\"wp-block-query-pagination is-layout-flex wp-block-query-pagination-is-layout-flex\" aria-label=\"Pagination\">\n\n\n<div class=\"wp-block-query-pagination-numbers\"><span aria-current=\"page\" class=\"page-numbers current\">1<\/span>\n<a class=\"page-numbers\" href=\"?query-43-page=2\">2<\/a>\n<a class=\"page-numbers\" href=\"?query-43-page=3\">3<\/a><\/div>\n\n<a href=\"\/en\/wp-json\/wp\/v2\/pages\/1015?query-43-page=2\" class=\"wp-block-query-pagination-next\">Next Page<\/a>\n<\/nav><\/div>\n<\/div>\n<\/div>\n<\/div>\n<\/div>","protected":false},"excerpt":{"rendered":"<p>Report on Corporate Governance<\/p>","protected":false},"author":2,"featured_media":0,"parent":990,"menu_order":0,"comment_status":"closed","ping_status":"closed","template":"","meta":{"footnotes":""},"class_list":["post-1015","page","type-page","status-publish","hentry"],"_links":{"self":[{"href":"https:\/\/cmbvn.com.vn\/en\/wp-json\/wp\/v2\/pages\/1015","targetHints":{"allow":["GET"]}}],"collection":[{"href":"https:\/\/cmbvn.com.vn\/en\/wp-json\/wp\/v2\/pages"}],"about":[{"href":"https:\/\/cmbvn.com.vn\/en\/wp-json\/wp\/v2\/types\/page"}],"author":[{"embeddable":true,"href":"https:\/\/cmbvn.com.vn\/en\/wp-json\/wp\/v2\/users\/2"}],"replies":[{"embeddable":true,"href":"https:\/\/cmbvn.com.vn\/en\/wp-json\/wp\/v2\/comments?post=1015"}],"version-history":[{"count":7,"href":"https:\/\/cmbvn.com.vn\/en\/wp-json\/wp\/v2\/pages\/1015\/revisions"}],"predecessor-version":[{"id":2044,"href":"https:\/\/cmbvn.com.vn\/en\/wp-json\/wp\/v2\/pages\/1015\/revisions\/2044"}],"up":[{"embeddable":true,"href":"https:\/\/cmbvn.com.vn\/en\/wp-json\/wp\/v2\/pages\/990"}],"wp:attachment":[{"href":"https:\/\/cmbvn.com.vn\/en\/wp-json\/wp\/v2\/media?parent=1015"}],"curies":[{"name":"wp","href":"https:\/\/api.w.org\/{rel}","templated":true}]}}