{"id":1017,"date":"2022-04-01T08:17:13","date_gmt":"2022-04-01T01:17:13","guid":{"rendered":"https:\/\/cmbvn.com.vn\/?page_id=1017"},"modified":"2022-06-10T13:41:04","modified_gmt":"2022-06-10T06:41:04","slug":"tai-lieu-co-dong","status":"publish","type":"page","link":"https:\/\/cmbvn.com.vn\/en\/quan-he-co-dong\/cong-bo-thong-tin\/tai-lieu-co-dong","title":{"rendered":"Shareholder documents"},"content":{"rendered":"<p class=\"title-page-dieule has-large-font-size\">Shareholder documents<\/p>\n\n\n\n<div class=\"wp-block-columns is-layout-flex wp-container-core-columns-is-layout-9d6595d7 wp-block-columns-is-layout-flex\">\n<div class=\"wp-block-column is-layout-flow wp-block-column-is-layout-flow\" style=\"flex-basis:100%\">\n<div class=\"wp-block-columns is-layout-flex wp-container-core-columns-is-layout-9d6595d7 wp-block-columns-is-layout-flex\">\n<div class=\"wp-block-column mg-center list-dieule is-layout-flow wp-block-column-is-layout-flow\" style=\"flex-basis:80%\">\n<div class=\"wp-block-query is-layout-flow wp-block-query-is-layout-flow\"><ul class=\"wp-block-post-template is-layout-flow wp-block-post-template-is-layout-flow\"><li class=\"wp-block-post post-3704 post type-post status-publish format-standard hentry category-tai-lieu-co-dong\">\n\n<div class=\"wp-block-columns dieule-item is-layout-flex wp-container-core-columns-is-layout-9d6595d7 wp-block-columns-is-layout-flex\">\n<div class=\"wp-block-column has-white-background-color has-background is-layout-flow wp-block-column-is-layout-flow\" style=\"flex-basis:130px\">\n<div class=\"wp-block-group date-dieule\"><div class=\"wp-block-group__inner-container is-layout-flow wp-block-group-is-layout-flow\"><div style=\"background-color:#005198; font-size:18px;\" class=\"has-text-align-center wp-block-post-date has-text-color has-white-color has-background\"><time datetime=\"2026-04-23T16:31:03+07:00\">04\/2026<\/time><\/div>\n\n<div style=\"color:#005198; font-size:40px;\" class=\"has-text-align-center date wp-block-post-date has-text-color\"><time datetime=\"2026-04-23T16:31:03+07:00\">23<\/time><\/div><\/div><\/div>\n<\/div>\n\n\n\n<div class=\"wp-block-column has-text-color is-layout-flow wp-block-column-is-layout-flow\" style=\"color:#005198;flex-basis:70%\"><h2 style=\"color:#2a07e3; font-size:18px;font-style:normal;font-weight:700;\" class=\"title-dieule wp-block-post-title has-text-color\"><a href=\"https:\/\/cmbvn.com.vn\/en\/quan-he-co-dong\/cong-bo-thong-tin\/tai-lieu-co-dong\/cong-bo-thong-tin-thay-doi-nguoi-noi-bo-thanh-vien-ban-kiem-soat-nhiem-ky-2023-2028-2.html\" target=\"_self\" >C\u00d4NG B\u1ed0 TH\u00d4NG TIN THAY \u0110\u1ed4I NG\u01af\u1edcI N\u1ed8I B\u1ed8 (TH\u00c0NH VI\u00caN BAN KI\u1ec2M SO\u00c1T NHI\u1ec6M K\u1ef2 2023 \u2013 2028)<\/a><\/h2>\n\n\n<div class=\"wp-block-group\"><div class=\"wp-block-group__inner-container is-layout-flow wp-block-group-is-layout-flow\"><div class=\"wp-block-post-date has-small-font-size\"><time datetime=\"2026-04-23T16:31:03+07:00\">23\/04\/2026 &#8211; 16:31<\/time><\/div><\/div><\/div>\n\n\n<div style=\"font-size:14px;\" class=\"exp-dieule wp-block-post-excerpt has-text-color has-black-color\"><p class=\"wp-block-post-excerpt__excerpt\">Thay \u0111\u1ed5i ng\u01b0\u1eddi n\u1ed9i b\u1ed9 (Th\u00e0nh vi\u00ean ban ki\u1ec3m so\u00e1t nhi\u1ec7m k\u1ef3 2023 &#8211; 2028)<\/p><p class=\"wp-block-post-excerpt__more-text\"><a class=\"wp-block-post-excerpt__more-link\" href=\"https:\/\/cmbvn.com.vn\/en\/quan-he-co-dong\/cong-bo-thong-tin\/tai-lieu-co-dong\/cong-bo-thong-tin-thay-doi-nguoi-noi-bo-thanh-vien-ban-kiem-soat-nhiem-ky-2023-2028-2.html\"><strong>T\u1ea2I XU\u1ed0NG T\u00c0I LI\u1ec6U \u0110\u00cdNH K\u00c8M<\/strong><\/a><\/p><\/div><\/div>\n<\/div>\n\n<\/li><li class=\"wp-block-post post-3701 post type-post status-publish format-standard hentry category-tai-lieu-co-dong\">\n\n<div class=\"wp-block-columns dieule-item is-layout-flex wp-container-core-columns-is-layout-9d6595d7 wp-block-columns-is-layout-flex\">\n<div class=\"wp-block-column has-white-background-color has-background is-layout-flow wp-block-column-is-layout-flow\" style=\"flex-basis:130px\">\n<div class=\"wp-block-group date-dieule\"><div class=\"wp-block-group__inner-container is-layout-flow wp-block-group-is-layout-flow\"><div style=\"background-color:#005198; font-size:18px;\" class=\"has-text-align-center wp-block-post-date has-text-color has-white-color has-background\"><time datetime=\"2026-04-23T16:14:04+07:00\">04\/2026<\/time><\/div>\n\n<div style=\"color:#005198; font-size:40px;\" class=\"has-text-align-center date wp-block-post-date has-text-color\"><time datetime=\"2026-04-23T16:14:04+07:00\">23<\/time><\/div><\/div><\/div>\n<\/div>\n\n\n\n<div class=\"wp-block-column has-text-color is-layout-flow wp-block-column-is-layout-flow\" style=\"color:#005198;flex-basis:70%\"><h2 style=\"color:#2a07e3; font-size:18px;font-style:normal;font-weight:700;\" class=\"title-dieule wp-block-post-title has-text-color\"><a href=\"https:\/\/cmbvn.com.vn\/en\/quan-he-co-dong\/cong-bo-thong-tin\/tai-lieu-co-dong\/cong-bo-thong-tin-bien-ban-hop-va-nghi-quyet-dai-hoi-dong-co-dong-thuong-nien-nam-2026.html\" target=\"_self\" >C\u00d4NG B\u1ed0 TH\u00d4NG TIN BI\u00caN B\u1ea2N H\u1eccP V\u00c0 NGH\u1eca QUY\u1ebeT \u0110\u1ea0I H\u1ed8I \u0110\u1ed2NG C\u1ed4 \u0110\u00d4NG TH\u01af\u1edcNG NI\u00caN N\u0102M 2026<\/a><\/h2>\n\n\n<div class=\"wp-block-group\"><div class=\"wp-block-group__inner-container is-layout-flow wp-block-group-is-layout-flow\"><div class=\"wp-block-post-date has-small-font-size\"><time datetime=\"2026-04-23T16:14:04+07:00\">23\/04\/2026 &#8211; 16:14<\/time><\/div><\/div><\/div>\n\n\n<div style=\"font-size:14px;\" class=\"exp-dieule wp-block-post-excerpt has-text-color has-black-color\"><p class=\"wp-block-post-excerpt__excerpt\">Bi\u00ean b\u1ea3n h\u1ecdp v\u00e0 ngh\u1ecb quy\u1ebft \u0110\u1ea1i h\u1ed9i \u0111\u1ed3ng c\u1ed5 \u0111\u00f4ng th\u01b0\u1eddng ni\u00ean n\u0103m 2026<\/p><p class=\"wp-block-post-excerpt__more-text\"><a class=\"wp-block-post-excerpt__more-link\" href=\"https:\/\/cmbvn.com.vn\/en\/quan-he-co-dong\/cong-bo-thong-tin\/tai-lieu-co-dong\/cong-bo-thong-tin-bien-ban-hop-va-nghi-quyet-dai-hoi-dong-co-dong-thuong-nien-nam-2026.html\"><strong>T\u1ea2I XU\u1ed0NG T\u00c0I LI\u1ec6U \u0110\u00cdNH K\u00c8M<\/strong><\/a><\/p><\/div><\/div>\n<\/div>\n\n<\/li><li class=\"wp-block-post post-3698 post type-post status-publish format-standard hentry category-tai-lieu-co-dong\">\n\n<div class=\"wp-block-columns dieule-item is-layout-flex wp-container-core-columns-is-layout-9d6595d7 wp-block-columns-is-layout-flex\">\n<div class=\"wp-block-column has-white-background-color has-background is-layout-flow wp-block-column-is-layout-flow\" style=\"flex-basis:130px\">\n<div class=\"wp-block-group date-dieule\"><div class=\"wp-block-group__inner-container is-layout-flow wp-block-group-is-layout-flow\"><div style=\"background-color:#005198; font-size:18px;\" class=\"has-text-align-center wp-block-post-date has-text-color has-white-color has-background\"><time datetime=\"2026-04-13T09:29:28+07:00\">04\/2026<\/time><\/div>\n\n<div style=\"color:#005198; font-size:40px;\" class=\"has-text-align-center date wp-block-post-date has-text-color\"><time datetime=\"2026-04-13T09:29:28+07:00\">13<\/time><\/div><\/div><\/div>\n<\/div>\n\n\n\n<div class=\"wp-block-column has-text-color is-layout-flow wp-block-column-is-layout-flow\" style=\"color:#005198;flex-basis:70%\"><h2 style=\"color:#2a07e3; font-size:18px;font-style:normal;font-weight:700;\" class=\"title-dieule wp-block-post-title has-text-color\"><a href=\"https:\/\/cmbvn.com.vn\/en\/quan-he-co-dong\/cong-bo-thong-tin\/tai-lieu-co-dong\/tai-lieu-hop-dai-hoi-dong-co-dong-thuong-nien-nam-2026-cap-nhat-ngay-13-04-2026.html\" target=\"_self\" >T\u00c0I LI\u1ec6U H\u1eccP \u0110\u1ea0I H\u1ed8I \u0110\u1ed2NG C\u1ed4 \u0110\u00d4NG TH\u01af\u1edcNG NI\u00caN N\u0102M 2026 (C\u1eacP NH\u1eacT NG\u00c0Y 13\/04\/2026)<\/a><\/h2>\n\n\n<div class=\"wp-block-group\"><div class=\"wp-block-group__inner-container is-layout-flow wp-block-group-is-layout-flow\"><div class=\"wp-block-post-date has-small-font-size\"><time datetime=\"2026-04-13T09:29:28+07:00\">13\/04\/2026 &#8211; 09:29<\/time><\/div><\/div><\/div>\n\n\n<div style=\"font-size:14px;\" class=\"exp-dieule wp-block-post-excerpt has-text-color has-black-color\"><p class=\"wp-block-post-excerpt__excerpt\">T\u00e0i li\u1ec7u h\u1ecdp \u0110\u1ea1i h\u1ed9i \u0111\u1ed3ng c\u1ed5 \u0111\u00f4ng th\u01b0\u1eddng ni\u00ean n\u0103m 2026 (C\u1eadp nh\u1eadt ng\u00e0y 13\/04\/2026)<\/p><p class=\"wp-block-post-excerpt__more-text\"><a class=\"wp-block-post-excerpt__more-link\" href=\"https:\/\/cmbvn.com.vn\/en\/quan-he-co-dong\/cong-bo-thong-tin\/tai-lieu-co-dong\/tai-lieu-hop-dai-hoi-dong-co-dong-thuong-nien-nam-2026-cap-nhat-ngay-13-04-2026.html\"><strong>T\u1ea2I XU\u1ed0NG T\u00c0I LI\u1ec6U \u0110\u00cdNH K\u00c8M<\/strong><\/a><\/p><\/div><\/div>\n<\/div>\n\n<\/li><li class=\"wp-block-post post-3642 post type-post status-publish format-standard hentry category-tai-lieu-co-dong\">\n\n<div class=\"wp-block-columns dieule-item is-layout-flex wp-container-core-columns-is-layout-9d6595d7 wp-block-columns-is-layout-flex\">\n<div class=\"wp-block-column has-white-background-color has-background is-layout-flow wp-block-column-is-layout-flow\" style=\"flex-basis:130px\">\n<div class=\"wp-block-group date-dieule\"><div class=\"wp-block-group__inner-container is-layout-flow wp-block-group-is-layout-flow\"><div style=\"background-color:#005198; font-size:18px;\" class=\"has-text-align-center wp-block-post-date has-text-color has-white-color has-background\"><time datetime=\"2026-03-20T10:37:04+07:00\">03\/2026<\/time><\/div>\n\n<div style=\"color:#005198; font-size:40px;\" class=\"has-text-align-center date wp-block-post-date has-text-color\"><time datetime=\"2026-03-20T10:37:04+07:00\">20<\/time><\/div><\/div><\/div>\n<\/div>\n\n\n\n<div class=\"wp-block-column has-text-color is-layout-flow wp-block-column-is-layout-flow\" style=\"color:#005198;flex-basis:70%\"><h2 style=\"color:#2a07e3; font-size:18px;font-style:normal;font-weight:700;\" class=\"title-dieule wp-block-post-title has-text-color\"><a href=\"https:\/\/cmbvn.com.vn\/en\/quan-he-co-dong\/cong-bo-thong-tin\/tai-lieu-co-dong\/thong-bao-moi-tham-du-dai-hoi-dong-co-dong-thuong-nien-nam-2026-kem-tai-lieu-phuc-vu-dai-hoi.html\" target=\"_self\" >TH\u00d4NG B\u00c1O M\u1edcI THAM D\u1ef0 \u0110\u1ea0I H\u1ed8I \u0110\u1ed2NG C\u1ed4 \u0110\u00d4NG TH\u01af\u1edcNG NI\u00caN N\u0102M 2026 (K\u00c8M T\u00c0I LI\u1ec6U PH\u1ee4C V\u1ee4 \u0110\u1ea0I H\u1ed8I)<\/a><\/h2>\n\n\n<div class=\"wp-block-group\"><div class=\"wp-block-group__inner-container is-layout-flow wp-block-group-is-layout-flow\"><div class=\"wp-block-post-date has-small-font-size\"><time datetime=\"2026-03-20T10:37:04+07:00\">20\/03\/2026 &#8211; 10:37<\/time><\/div><\/div><\/div>\n\n\n<div style=\"font-size:14px;\" class=\"exp-dieule wp-block-post-excerpt has-text-color has-black-color\"><p class=\"wp-block-post-excerpt__excerpt\">Th\u00f4ng b\u00e1o m\u1eddi tham d\u1ef1 \u0110\u1ea1i h\u1ed9i \u0111\u1ed3ng c\u1ed5 \u0111\u00f4ng th\u01b0\u1eddng ni\u00ean n\u0103m 2026<\/p><p class=\"wp-block-post-excerpt__more-text\"><a class=\"wp-block-post-excerpt__more-link\" href=\"https:\/\/cmbvn.com.vn\/en\/quan-he-co-dong\/cong-bo-thong-tin\/tai-lieu-co-dong\/thong-bao-moi-tham-du-dai-hoi-dong-co-dong-thuong-nien-nam-2026-kem-tai-lieu-phuc-vu-dai-hoi.html\"><strong>T\u1ea2I XU\u1ed0NG T\u00c0I LI\u1ec6U \u0110\u00cdNH K\u00c8M<\/strong><\/a><\/p><\/div><\/div>\n<\/div>\n\n<\/li><li class=\"wp-block-post post-3616 post type-post status-publish format-standard hentry category-tai-lieu-co-dong\">\n\n<div class=\"wp-block-columns dieule-item is-layout-flex wp-container-core-columns-is-layout-9d6595d7 wp-block-columns-is-layout-flex\">\n<div class=\"wp-block-column has-white-background-color has-background is-layout-flow wp-block-column-is-layout-flow\" style=\"flex-basis:130px\">\n<div class=\"wp-block-group date-dieule\"><div class=\"wp-block-group__inner-container is-layout-flow wp-block-group-is-layout-flow\"><div style=\"background-color:#005198; font-size:18px;\" class=\"has-text-align-center wp-block-post-date has-text-color has-white-color has-background\"><time datetime=\"2026-02-25T10:14:41+07:00\">02\/2026<\/time><\/div>\n\n<div style=\"color:#005198; font-size:40px;\" class=\"has-text-align-center date wp-block-post-date has-text-color\"><time datetime=\"2026-02-25T10:14:41+07:00\">25<\/time><\/div><\/div><\/div>\n<\/div>\n\n\n\n<div class=\"wp-block-column has-text-color is-layout-flow wp-block-column-is-layout-flow\" style=\"color:#005198;flex-basis:70%\"><h2 style=\"color:#2a07e3; font-size:18px;font-style:normal;font-weight:700;\" class=\"title-dieule wp-block-post-title has-text-color\"><a href=\"https:\/\/cmbvn.com.vn\/en\/quan-he-co-dong\/cong-bo-thong-tin\/tai-lieu-co-dong\/nghi-quyet-hdqt-thong-qua-hop-dong-giao-dich-voi-nguoi-co-lien-quan.html\" target=\"_self\" >NGH\u1eca QUY\u1ebeT H\u0110QT TH\u00d4NG QUA H\u1ee2P \u0110\u1ed2NG, GIAO D\u1ecaCH V\u1edaI NG\u01af\u1edcI C\u00d3 LI\u00caN QUAN<\/a><\/h2>\n\n\n<div class=\"wp-block-group\"><div class=\"wp-block-group__inner-container is-layout-flow wp-block-group-is-layout-flow\"><div class=\"wp-block-post-date has-small-font-size\"><time datetime=\"2026-02-25T10:14:41+07:00\">25\/02\/2026 &#8211; 10:14<\/time><\/div><\/div><\/div>\n\n\n<div style=\"font-size:14px;\" class=\"exp-dieule wp-block-post-excerpt has-text-color has-black-color\"><p class=\"wp-block-post-excerpt__excerpt\">Ngh\u1ecb quy\u1ebft H\u0110QT th\u00f4ng qua h\u1ee3p \u0111\u1ed3ng, giao d\u1ecbch v\u1edbi ng\u01b0\u1eddi c\u00f3 li\u00ean quan<\/p><p class=\"wp-block-post-excerpt__more-text\"><a class=\"wp-block-post-excerpt__more-link\" href=\"https:\/\/cmbvn.com.vn\/en\/quan-he-co-dong\/cong-bo-thong-tin\/tai-lieu-co-dong\/nghi-quyet-hdqt-thong-qua-hop-dong-giao-dich-voi-nguoi-co-lien-quan.html\"><strong>T\u1ea2I XU\u1ed0NG T\u00c0I LI\u1ec6U \u0110\u00cdNH K\u00c8M<\/strong><\/a><\/p><\/div><\/div>\n<\/div>\n\n<\/li><\/ul>\n\n<nav class=\"wp-block-query-pagination is-layout-flex wp-block-query-pagination-is-layout-flex\" aria-label=\"Pagination\">\n\n\n<div class=\"wp-block-query-pagination-numbers\"><span aria-current=\"page\" class=\"page-numbers current\">1<\/span>\n<a class=\"page-numbers\" href=\"?query-43-page=2\">2<\/a>\n<a class=\"page-numbers\" href=\"?query-43-page=3\">3<\/a>\n<span class=\"page-numbers dots\">&hellip;<\/span>\n<a class=\"page-numbers\" href=\"?query-43-page=10\">10<\/a><\/div>\n\n<a href=\"\/en\/wp-json\/wp\/v2\/pages\/1017?query-43-page=2\" class=\"wp-block-query-pagination-next\">Next Page<\/a>\n<\/nav><\/div>\n<\/div>\n<\/div>\n<\/div>\n<\/div>\n\n\n\n<p><\/p>","protected":false},"excerpt":{"rendered":"<p>Shareholder documents<\/p>","protected":false},"author":2,"featured_media":0,"parent":990,"menu_order":0,"comment_status":"closed","ping_status":"closed","template":"","meta":{"footnotes":""},"class_list":["post-1017","page","type-page","status-publish","hentry"],"_links":{"self":[{"href":"https:\/\/cmbvn.com.vn\/en\/wp-json\/wp\/v2\/pages\/1017","targetHints":{"allow":["GET"]}}],"collection":[{"href":"https:\/\/cmbvn.com.vn\/en\/wp-json\/wp\/v2\/pages"}],"about":[{"href":"https:\/\/cmbvn.com.vn\/en\/wp-json\/wp\/v2\/types\/page"}],"author":[{"embeddable":true,"href":"https:\/\/cmbvn.com.vn\/en\/wp-json\/wp\/v2\/users\/2"}],"replies":[{"embeddable":true,"href":"https:\/\/cmbvn.com.vn\/en\/wp-json\/wp\/v2\/comments?post=1017"}],"version-history":[{"count":7,"href":"https:\/\/cmbvn.com.vn\/en\/wp-json\/wp\/v2\/pages\/1017\/revisions"}],"predecessor-version":[{"id":2045,"href":"https:\/\/cmbvn.com.vn\/en\/wp-json\/wp\/v2\/pages\/1017\/revisions\/2045"}],"up":[{"embeddable":true,"href":"https:\/\/cmbvn.com.vn\/en\/wp-json\/wp\/v2\/pages\/990"}],"wp:attachment":[{"href":"https:\/\/cmbvn.com.vn\/en\/wp-json\/wp\/v2\/media?parent=1017"}],"curies":[{"name":"wp","href":"https:\/\/api.w.org\/{rel}","templated":true}]}}