{"id":29,"date":"2021-12-10T07:31:23","date_gmt":"2021-12-10T00:31:23","guid":{"rendered":"http:\/\/192.168.73.37\/?page_id=29"},"modified":"2025-07-10T14:16:29","modified_gmt":"2025-07-10T07:16:29","slug":"lien-he","status":"publish","type":"page","link":"https:\/\/cmbvn.com.vn\/en\/lien-he","title":{"rendered":"Contact"},"content":{"rendered":"<section class=\"section hide-for-small\" id=\"section_2142550486\">\n\t\t<div class=\"bg section-bg fill bg-fill bg-loaded\" >\n\n\t\t\t\n\t\t\t\n\t\t\t\n\n\t\t<\/div>\n\n\t\t\n\n\t\t<div class=\"section-content relative\">\n\t\t\t\n\n\n\t\t<\/div>\n\n\t\t\n<style>\n#section_2142550486 {\n  padding-top: 0px;\n  padding-bottom: 0px;\n  min-height: 500px;\n}\n#section_2142550486 .section-bg.bg-loaded {\n  background-image: url(https:\/\/cmbvn.com.vn\/wp-content\/uploads\/2022\/03\/2-banner-lienhe.jpg);\n}\n#section_2142550486 .ux-shape-divider--top svg {\n  height: 150px;\n  --divider-top-width: 100%;\n}\n#section_2142550486 .ux-shape-divider--bottom svg {\n  height: 150px;\n  --divider-width: 100%;\n}\n<\/style>\n\t<\/section>\n\t\n\t<section class=\"section show-for-small\" id=\"section_36323600\">\n\t\t<div class=\"bg section-bg fill bg-fill bg-loaded\" >\n\n\t\t\t\n\t\t\t\n\t\t\t\n\n\t\t<\/div>\n\n\t\t\n\n\t\t<div class=\"section-content relative\">\n\t\t\t\n\n\n\t\t<\/div>\n\n\t\t\n<style>\n#section_36323600 {\n  padding-top: 0px;\n  padding-bottom: 0px;\n  min-height: 200px;\n}\n#section_36323600 .section-bg.bg-loaded {\n  background-image: url(https:\/\/cmbvn.com.vn\/wp-content\/uploads\/2022\/03\/2-banner-lienhe.jpg);\n}\n#section_36323600 .ux-shape-divider--top svg {\n  height: 150px;\n  --divider-top-width: 100%;\n}\n#section_36323600 .ux-shape-divider--bottom svg {\n  height: 150px;\n  --divider-width: 100%;\n}\n<\/style>\n\t<\/section>\n\t\n<div class=\"row\"  id=\"row-1437934282\">\n\n\n\t<div id=\"col-945893914\" class=\"col small-12 large-12\"  >\n\t\t\t\t<div class=\"col-inner\"  >\n\t\t\t\n\t\t\t\n\n\t<div id=\"text-2816744215\" class=\"text\">\n\t\t\n\n<h2 style=\"text-align: center;\"><span style=\"font-size: 100%;\">Tr\u1ee5 s\u1edf &amp; Chi nh\u00e1nh C\u00f4ng ty C\u1ed5 ph\u1ea7n T\u01b0 v\u1ea5n X\u00e2y d\u1ef1ng C\u00f4ng tr\u00ecnh H\u00e0ng h\u1ea3i<\/span><\/h2>\n\t\t\n<style>\n#text-2816744215 {\n  color: #005198;\n}\n#text-2816744215 > * {\n  color: #005198;\n}\n<\/style>\n\t<\/div>\n\t\n\n\t\t<\/div>\n\t\t\t\t\t<\/div>\n\n\t\n\n<\/div>\n<div class=\"row\"  id=\"row-346587551\">\n\n\n\t<div id=\"col-1299996546\" class=\"col small-12 large-12\"  >\n\t\t\t\t<div class=\"col-inner\"  >\n\t\t\t\n\t\t\t\n\n\n\t\t<div class=\"tabbed-content lienhe_map hide-for-small\">\n\t\t\t\n\t\t\t<ul class=\"nav nav-tabs nav-normal nav-size-xlarge nav-center\"><li class=\"tab active has-icon\"><a href=\"#tab_tr\u1ee5-s\u1edf-ch\u00ednh\"><span>Headquarters<\/span><\/a><\/li>\n<li class=\"tab has-icon\"><a href=\"#tab_chi-nh\u00e1nh-h\u1ea3i-ph\u00f2ng\"><span>Hai Phong Branch<\/span><\/a><\/li>\n<li class=\"tab has-icon\"><a href=\"#tab_chi-nh\u00e1nh- tp.-h\u1ed3-ch\u00ed-minh\"><span>Ho Chi Minh City Branch<\/span><\/a><\/li><\/ul><div class=\"tab-panels\"><div class=\"panel active entry-content\" id=\"tab_tr\u1ee5-s\u1edf-ch\u00ednh\">\n\n\n\n<iframe src=\"https:\/\/www.google.com\/maps\/embed?pb=!1m18!1m12!1m3!1d3723.8608087413927!2d105.79189341493274!3d21.038254685993156!2m3!1f0!2f0!3f0!3m2!1i1024!2i768!4f13.1!3m3!1m2!1s0x3135abdef075875d%3A0xcd6ead67ec543bee!2zVsSDbiBQaMOybmcgQ01C!5e0!3m2!1svi!2s!4v1649127327171!5m2!1svi!2s\" width=\"100%\" height=\"450\" style=\"border:0;\" allowfullscreen=\"\" loading=\"lazy\" referrerpolicy=\"no-referrer-when-downgrade\"><\/iframe>\n\n\n<\/div>\n<div class=\"panel entry-content\" id=\"tab_chi-nh\u00e1nh-h\u1ea3i-ph\u00f2ng\">\n\n\n\n<iframe src=\"https:\/\/www.google.com\/maps\/embed?pb=!1m18!1m12!1m3!1d3728.3115068068983!2d106.7225682149298!3d20.85949088609031!2m3!1f0!2f0!3f0!3m2!1i1024!2i768!4f13.1!3m3!1m2!1s0x314a65a4e33e730d%3A0x1ff16dd605bc2f48!2zQ01CIGNoaSBuaMOhbmggVOG6oWkgSOG6o2kgUGjDsm5n!5e0!3m2!1svi!2s!4v1650855551432!5m2!1svi!2s\" width=\"100%\" height=\"450\" style=\"border:0;\" allowfullscreen=\"\" loading=\"lazy\" referrerpolicy=\"no-referrer-when-downgrade\"><\/iframe>\n\n\n<\/div>\n<div class=\"panel entry-content\" id=\"tab_chi-nh\u00e1nh- tp.-h\u1ed3-ch\u00ed-minh\">\n\n\n\n<iframe src=\"https:\/\/www.google.com\/maps\/embed?pb=!1m18!1m12!1m3!1d14884.064031915987!2d106.69800546639101!3d10.767367101395207!2m3!1f0!2f0!3f0!3m2!1i1024!2i768!4f13.1!3m3!1m2!1s0x31752f71aacd6247%3A0x181332862db278e2!2zQ8OUTkcgVFkgQ-G7lCBQSOG6pk4gVMavIFbhuqROIFjDglkgROG7sE5HIEPDlE5HIFRSw4xOSCBIw4BORyBI4bqiSSAtIENISSBOSMOBTkggVOG6oEkgVEjDgE5IIFBI4buQIEjhu5IgQ0jDjSBNSU5I!5e0!3m2!1sen!2s!4v1648619841137!5m2!1sen!2s\" width=\"100%\" height=\"450\" style=\"border:0;\" allowfullscreen=\"\" loading=\"lazy\" referrerpolicy=\"no-referrer-when-downgrade\"><\/iframe>\n\n\n<\/div><\/div><\/div>\n\n\t\t<div class=\"tabbed-content lienhe_map show-for-small\">\n\t\t\t\n\t\t\t<ul class=\"nav nav-simple nav-vertical nav-normal nav-size-xlarge nav-center\"><li class=\"tab active has-icon\"><a href=\"#tab_tr\u1ee5-s\u1edf-ch\u00ednh\"><span>Headquarters<\/span><\/a><\/li>\n<li class=\"tab has-icon\"><a href=\"#tab_chi-nh\u00e1nh-h\u1ea3i-ph\u00f2ng\"><span>Hai Phong Branch<\/span><\/a><\/li>\n<li class=\"tab has-icon\"><a href=\"#tab_chi-nh\u00e1nh- tp.-h\u1ed3-ch\u00ed-minh\"><span>Ho Chi Minh City Branch<\/span><\/a><\/li><\/ul><div class=\"tab-panels\"><div class=\"panel active entry-content\" id=\"tab_tr\u1ee5-s\u1edf-ch\u00ednh\">\n\n\n\n<iframe src=\"https:\/\/www.google.com\/maps\/embed?pb=!1m18!1m12!1m3!1d3723.8608087413927!2d105.79189341493274!3d21.038254685993156!2m3!1f0!2f0!3f0!3m2!1i1024!2i768!4f13.1!3m3!1m2!1s0x3135abdef075875d%3A0xcd6ead67ec543bee!2zVsSDbiBQaMOybmcgQ01C!5e0!3m2!1svi!2s!4v1649127327171!5m2!1svi!2s\" width=\"100%\" height=\"450\" style=\"border:0;\" allowfullscreen=\"\" loading=\"lazy\" referrerpolicy=\"no-referrer-when-downgrade\"><\/iframe>\n\n\n<\/div>\n<div class=\"panel entry-content\" id=\"tab_chi-nh\u00e1nh-h\u1ea3i-ph\u00f2ng\">\n\n\n\n<iframe src=\"https:\/\/www.google.com\/maps\/embed?pb=!1m18!1m12!1m3!1d29826.471418027926!2d106.70721688077641!3d20.859594918480695!2m3!1f0!2f0!3f0!3m2!1i1024!2i768!4f13.1!3m3!1m2!1s0x314a65b28fb1d3c5%3A0x31c97f63c9345efc!2sC%C3%B4ng%20ty%20CMB!5e0!3m2!1sen!2s!4v1648478975698!5m2!1sen!2s\" width=\"100%\" height=\"450\" style=\"border:0;\" allowfullscreen=\"\" loading=\"lazy\" referrerpolicy=\"no-referrer-when-downgrade\"><\/iframe>\n\n\n<\/div>\n<div class=\"panel entry-content\" id=\"tab_chi-nh\u00e1nh- tp.-h\u1ed3-ch\u00ed-minh\">\n\n\n\n<iframe src=\"https:\/\/www.google.com\/maps\/embed?pb=!1m18!1m12!1m3!1d14884.064031915987!2d106.69800546639101!3d10.767367101395207!2m3!1f0!2f0!3f0!3m2!1i1024!2i768!4f13.1!3m3!1m2!1s0x31752f71aacd6247%3A0x181332862db278e2!2zQ8OUTkcgVFkgQ-G7lCBQSOG6pk4gVMavIFbhuqROIFjDglkgROG7sE5HIEPDlE5HIFRSw4xOSCBIw4BORyBI4bqiSSAtIENISSBOSMOBTkggVOG6oEkgVEjDgE5IIFBI4buQIEjhu5IgQ0jDjSBNSU5I!5e0!3m2!1sen!2s!4v1648619841137!5m2!1sen!2s\" width=\"100%\" height=\"450\" style=\"border:0;\" allowfullscreen=\"\" loading=\"lazy\" referrerpolicy=\"no-referrer-when-downgrade\"><\/iframe>\n\n\n<\/div><\/div><\/div>\n\n\t\t<\/div>\n\t\t\t\t\t<\/div>\n\n\t\n\n<\/div>\n\t<section class=\"section tdk-section-lien-he\" id=\"section_351245898\">\n\t\t<div class=\"bg section-bg fill bg-fill bg-loaded bg-loaded\" >\n\n\t\t\t\n\t\t\t\n\t\t\t\n\n\t\t<\/div>\n\n\t\t\n\n\t\t<div class=\"section-content relative\">\n\t\t\t\n\n<div class=\"row\"  id=\"row-782435155\">\n\n\n\t<div id=\"col-1030814475\" class=\"col medium-6 small-12 large-6\"  >\n\t\t\t\t<div class=\"col-inner dark\"  >\n\t\t\t\n\t\t\t\n\n\t<div id=\"text-927452904\" class=\"text\">\n\t\t\n\n<h6>Information<\/h6>\n\t\t\n<style>\n#text-927452904 {\n  color: rgb(172, 172, 172);\n}\n#text-927452904 > * {\n  color: rgb(172, 172, 172);\n}\n<\/style>\n\t<\/div>\n\t\n<h2><span style=\"font-size: 100%; color: #005198;\"><strong>Thanks for contacting us<\/strong><\/span><\/h2>\n<p><span style=\"color: #282828;\">Please fill the form below and send us.<\/span><\/p>\n<p><span style=\"color: #282828;\">We will contact you as soon as possible.<\/span><\/p>\n\n\t\t<\/div>\n\t\t\t\t\t<\/div>\n\n\t\n\n\t<div id=\"col-1984291765\" class=\"col medium-6 small-12 large-6\"  >\n\t\t\t\t<div class=\"col-inner dark\"  >\n\t\t\t\n\t\t\t\n\n\n<div class=\"wpcf7 no-js\" id=\"wpcf7-f11-o1\" lang=\"vi\" dir=\"ltr\">\n<div class=\"screen-reader-response\"><p role=\"status\" aria-live=\"polite\" aria-atomic=\"true\"><\/p> <ul><\/ul><\/div>\n<form action=\"\/en\/wp-json\/wp\/v2\/pages\/29#wpcf7-f11-o1\" method=\"post\" class=\"wpcf7-form init\" aria-label=\"Form li\u00ean h\u1ec7\" novalidate=\"novalidate\" data-status=\"init\" data-trp-original-action=\"\/en\/wp-json\/wp\/v2\/pages\/29#wpcf7-f11-o1\">\n<div style=\"display: none;\">\n<input type=\"hidden\" name=\"_wpcf7\" value=\"11\" \/>\n<input type=\"hidden\" name=\"_wpcf7_version\" value=\"5.8\" \/>\n<input type=\"hidden\" name=\"_wpcf7_locale\" value=\"vi\" \/>\n<input type=\"hidden\" name=\"_wpcf7_unit_tag\" value=\"wpcf7-f11-o1\" \/>\n<input type=\"hidden\" name=\"_wpcf7_container_post\" value=\"0\" \/>\n<input type=\"hidden\" name=\"_wpcf7_posted_data_hash\" value=\"\" \/>\n<\/div>\n<div class=\"flex-row form-flat medium-flex-wrap\" style=\"margin-bottom: 1em;\">\n\t<div class=\"flex-col\" style=\"padding-right: 0;\">\n\t\t<p><span class=\"wpcf7-form-control-wrap\" data-name=\"your-name\"><input size=\"40\" class=\"wpcf7-form-control wpcf7-text\" aria-invalid=\"false\" placeholder=\"Your Name\" value=\"\" type=\"text\" name=\"your-name\" \/><\/span>\n\t\t<\/p>\n\t<\/div>\n\t<div class=\"flex-col ml-half email-form\" style=\"padding-right: 0;\">\n\t\t<p><span class=\"wpcf7-form-control-wrap\" data-name=\"your-email\"><input size=\"40\" class=\"wpcf7-form-control wpcf7-text wpcf7-validates-as-required\" aria-required=\"true\" aria-invalid=\"false\" placeholder=\"Your Email\" value=\"\" type=\"text\" name=\"your-email\" \/><\/span>\n\t\t<\/p>\n\t<\/div>\n<\/div>\n<div class=\"form-flat\">\n\t<p><span class=\"wpcf7-form-control-wrap\" data-name=\"your-email\"><input size=\"40\" class=\"wpcf7-form-control wpcf7-text wpcf7-validates-as-required\" aria-required=\"true\" aria-invalid=\"false\" placeholder=\"Your Message\" value=\"\" type=\"text\" name=\"your-email\" \/><\/span><br \/>\n<span class=\"wpcf7-form-control-wrap\" data-name=\"textarea-836\"><textarea cols=\"40\" rows=\"10\" class=\"wpcf7-form-control wpcf7-textarea\" aria-invalid=\"false\" placeholder=\"Content\" name=\"textarea-836\"><\/textarea><\/span><br \/>\n<input class=\"wpcf7-form-control wpcf7-submit has-spinner button\" type=\"submit\" value=\"Send\" \/>\n\t<\/p>\n<\/div><div class=\"wpcf7-response-output\" aria-hidden=\"true\"><\/div>\n<input type=\"hidden\" name=\"trp-form-language\" value=\"en\"\/><\/form>\n<\/div>\n\n\n\n\t\t<\/div>\n\t\t\t\t\n<style>\n#col-1984291765 > .col-inner {\n  padding: 0px 0px 0px 0px;\n}\n@media (min-width:550px) {\n  #col-1984291765 > .col-inner {\n    padding: 79px 0px 0px 0px;\n  }\n}\n<\/style>\n\t<\/div>\n\n\t\n\n<\/div>\n\n\t\t<\/div>\n\n\t\t\n<style>\n#section_351245898 {\n  padding-top: 30px;\n  padding-bottom: 30px;\n}\n#section_351245898 .ux-shape-divider--top svg {\n  height: 150px;\n  --divider-top-width: 100%;\n}\n#section_351245898 .ux-shape-divider--bottom svg {\n  height: 150px;\n  --divider-width: 100%;\n}\n<\/style>\n\t<\/section>","protected":false},"excerpt":{"rendered":"","protected":false},"author":3,"featured_media":0,"parent":0,"menu_order":0,"comment_status":"closed","ping_status":"closed","template":"page-blank.php","meta":{"footnotes":""},"class_list":["post-29","page","type-page","status-publish","hentry"],"_links":{"self":[{"href":"https:\/\/cmbvn.com.vn\/en\/wp-json\/wp\/v2\/pages\/29","targetHints":{"allow":["GET"]}}],"collection":[{"href":"https:\/\/cmbvn.com.vn\/en\/wp-json\/wp\/v2\/pages"}],"about":[{"href":"https:\/\/cmbvn.com.vn\/en\/wp-json\/wp\/v2\/types\/page"}],"author":[{"embeddable":true,"href":"https:\/\/cmbvn.com.vn\/en\/wp-json\/wp\/v2\/users\/3"}],"replies":[{"embeddable":true,"href":"https:\/\/cmbvn.com.vn\/en\/wp-json\/wp\/v2\/comments?post=29"}],"version-history":[{"count":29,"href":"https:\/\/cmbvn.com.vn\/en\/wp-json\/wp\/v2\/pages\/29\/revisions"}],"predecessor-version":[{"id":1785,"href":"https:\/\/cmbvn.com.vn\/en\/wp-json\/wp\/v2\/pages\/29\/revisions\/1785"}],"wp:attachment":[{"href":"https:\/\/cmbvn.com.vn\/en\/wp-json\/wp\/v2\/media?parent=29"}],"curies":[{"name":"wp","href":"https:\/\/api.w.org\/{rel}","templated":true}]}}