{"id":910,"date":"2022-04-01T06:17:23","date_gmt":"2022-03-31T23:17:23","guid":{"rendered":"https:\/\/cmbvn.com.vn\/?page_id=910"},"modified":"2022-04-21T18:47:10","modified_gmt":"2022-04-21T11:47:10","slug":"quy-che-hoat-dong-cua-hdqt","status":"publish","type":"page","link":"https:\/\/cmbvn.com.vn\/en\/quan-he-co-dong\/quy-che-hoat-dong-cua-hdqt","title":{"rendered":"Regulations on the operation of the Board of Management"},"content":{"rendered":"<p class=\"title-page-dieule has-large-font-size\"><strong>Regulations on the operation of the Board of Management<\/strong><\/p>\n\n\n\n<div class=\"wp-block-columns is-layout-flex wp-container-core-columns-is-layout-9d6595d7 wp-block-columns-is-layout-flex\">\n<div class=\"wp-block-column is-layout-flow wp-block-column-is-layout-flow\" style=\"flex-basis:100%\">\n<div class=\"wp-block-columns is-layout-flex wp-container-core-columns-is-layout-9d6595d7 wp-block-columns-is-layout-flex\">\n<div class=\"wp-block-column mg-center list-dieule is-layout-flow wp-block-column-is-layout-flow\" style=\"flex-basis:80%\">\n<div class=\"wp-block-query is-layout-flow wp-block-query-is-layout-flow\"><ul class=\"wp-block-post-template is-layout-flow wp-block-post-template-is-layout-flow\"><li class=\"wp-block-post post-667 post type-post status-publish format-standard has-post-thumbnail hentry category-quy-che-hoat-dong-cua-hdqt\">\n\n<div class=\"wp-block-columns dieule-item is-layout-flex wp-container-core-columns-is-layout-9d6595d7 wp-block-columns-is-layout-flex\">\n<div class=\"wp-block-column has-white-background-color has-background is-layout-flow wp-block-column-is-layout-flow\" style=\"flex-basis:130px\">\n<div class=\"wp-block-group date-dieule\"><div class=\"wp-block-group__inner-container is-layout-flow wp-block-group-is-layout-flow\"><div style=\"background-color:#005198; font-size:18px;\" class=\"has-text-align-center wp-block-post-date has-text-color has-white-color has-background\"><time datetime=\"2021-06-21T11:33:00+07:00\">06\/2021<\/time><\/div>\n\n<div style=\"color:#005198; font-size:40px;\" class=\"has-text-align-center date wp-block-post-date has-text-color\"><time datetime=\"2021-06-21T11:33:00+07:00\">21<\/time><\/div><\/div><\/div>\n<\/div>\n\n\n\n<div class=\"wp-block-column has-text-color is-layout-flow wp-block-column-is-layout-flow\" style=\"color:#005198;flex-basis:70%\"><h2 style=\"color:#2a07e3; font-size:18px;font-style:normal;font-weight:700;\" class=\"title-dieule wp-block-post-title has-text-color\"><a href=\"https:\/\/cmbvn.com.vn\/en\/quan-he-co-dong\/quy-che-hoat-dong-cua-hdqt\/quy-che-hoat-dong-cua-hdqt.html\" target=\"_self\" >Regulations on the operation of the Board of Management<\/a><\/h2>\n\n<div class=\"wp-block-post-date has-small-font-size\"><time datetime=\"2021-06-21T11:33:00+07:00\">21\/06\/2021 &#8211; 11:33<\/time><\/div>\n\n<div style=\"font-size:14px;\" class=\"exp-dieule wp-block-post-excerpt has-text-color has-black-color\"><p class=\"wp-block-post-excerpt__excerpt\">Quy ch\u1ebf ho\u1ea1t \u0111\u1ed9ng<\/p><p class=\"wp-block-post-excerpt__more-text\"><a class=\"wp-block-post-excerpt__more-link\" href=\"https:\/\/cmbvn.com.vn\/en\/quan-he-co-dong\/quy-che-hoat-dong-cua-hdqt\/quy-che-hoat-dong-cua-hdqt.html\"><strong>T\u1ea2I XU\u1ed0NG T\u00c0I LI\u1ec6U \u0110\u00cdNH K\u00c8M<\/strong><\/a><\/p><\/div><\/div>\n<\/div>\n\n<\/li><\/ul><\/div>\n<\/div>\n<\/div>\n<\/div>\n<\/div>\n\n\n\n<p><\/p>","protected":false},"excerpt":{"rendered":"<p>Regulations on the operation of the Board of Management<\/p>","protected":false},"author":2,"featured_media":0,"parent":90,"menu_order":0,"comment_status":"closed","ping_status":"closed","template":"","meta":{"footnotes":""},"class_list":["post-910","page","type-page","status-publish","hentry"],"_links":{"self":[{"href":"https:\/\/cmbvn.com.vn\/en\/wp-json\/wp\/v2\/pages\/910","targetHints":{"allow":["GET"]}}],"collection":[{"href":"https:\/\/cmbvn.com.vn\/en\/wp-json\/wp\/v2\/pages"}],"about":[{"href":"https:\/\/cmbvn.com.vn\/en\/wp-json\/wp\/v2\/types\/page"}],"author":[{"embeddable":true,"href":"https:\/\/cmbvn.com.vn\/en\/wp-json\/wp\/v2\/users\/2"}],"replies":[{"embeddable":true,"href":"https:\/\/cmbvn.com.vn\/en\/wp-json\/wp\/v2\/comments?post=910"}],"version-history":[{"count":30,"href":"https:\/\/cmbvn.com.vn\/en\/wp-json\/wp\/v2\/pages\/910\/revisions"}],"predecessor-version":[{"id":1696,"href":"https:\/\/cmbvn.com.vn\/en\/wp-json\/wp\/v2\/pages\/910\/revisions\/1696"}],"up":[{"embeddable":true,"href":"https:\/\/cmbvn.com.vn\/en\/wp-json\/wp\/v2\/pages\/90"}],"wp:attachment":[{"href":"https:\/\/cmbvn.com.vn\/en\/wp-json\/wp\/v2\/media?parent=910"}],"curies":[{"name":"wp","href":"https:\/\/api.w.org\/{rel}","templated":true}]}}